{"id":28437,"date":"2020-08-09T11:33:48","date_gmt":"2020-08-09T09:33:48","guid":{"rendered":"https:\/\/mundo-creole.com\/shop\/uncategorized\/kauri-shell-choker-with-coints-2"},"modified":"2020-08-09T11:33:48","modified_gmt":"2020-08-09T09:33:48","slug":"kauri-shell-choker-with-coints-2","status":"publish","type":"product","link":"https:\/\/mundo-creole.com\/en\/shop\/jewelry\/necklaces\/kauri-shell-choker-with-coints-2","title":{"rendered":"Kauri Shell Choker with coints"},"content":{"rendered":"<p>wundersch\u00f6ne Kauri Shell \/ Coints Necklace Choker 2 pieces.<\/p>\n<p>Die L\u00e4nge ist verstellbar und l\u00e4sst sich genau so anpassen wie du die kette gerne tragen m\u00f6chtest .<\/p>\n<p>&#8211;<em>vintage coints <span class=\"_3gl1 _5zz4\" data-offset-key=\"15h52-0-0\"><span class=\"_ncl\"><span data-offset-key=\"15h52-0-0\">\u2728<\/span><\/span><\/span><\/em><\/p>\n<p>&nbsp;<\/p>\n<p>&nbsp;<\/p>\n","protected":false},"excerpt":{"rendered":"<p>wundersch\u00f6ne Kauri Shell \/ Coints Necklace Choker 2 pieces. Die L\u00e4nge ist verstellbar und l\u00e4sst sich genau so anpassen wie du die kette gerne tragen m\u00f6chtest . &#8211;vintage coints \u2728 &nbsp; &nbsp;<\/p>\n","protected":false},"featured_media":27778,"comment_status":"open","ping_status":"closed","template":"","meta":[],"product_cat":[144,148,1662,135],"product_tag":[],"_links":{"self":[{"href":"https:\/\/mundo-creole.com\/en\/wp-json\/wp\/v2\/product\/28437"}],"collection":[{"href":"https:\/\/mundo-creole.com\/en\/wp-json\/wp\/v2\/product"}],"about":[{"href":"https:\/\/mundo-creole.com\/en\/wp-json\/wp\/v2\/types\/product"}],"replies":[{"embeddable":true,"href":"https:\/\/mundo-creole.com\/en\/wp-json\/wp\/v2\/comments?post=28437"}],"wp:featuredmedia":[{"embeddable":true,"href":"https:\/\/mundo-creole.com\/en\/wp-json\/wp\/v2\/media\/27778"}],"wp:attachment":[{"href":"https:\/\/mundo-creole.com\/en\/wp-json\/wp\/v2\/media?parent=28437"}],"wp:term":[{"taxonomy":"product_cat","embeddable":true,"href":"https:\/\/mundo-creole.com\/en\/wp-json\/wp\/v2\/product_cat?post=28437"},{"taxonomy":"product_tag","embeddable":true,"href":"https:\/\/mundo-creole.com\/en\/wp-json\/wp\/v2\/product_tag?post=28437"}],"curies":[{"name":"wp","href":"https:\/\/api.w.org\/{rel}","templated":true}]}}