{"id":28443,"date":"2020-08-07T21:14:49","date_gmt":"2020-08-07T19:14:49","guid":{"rendered":"https:\/\/mundo-creole.com\/shop\/uncategorized\/its-love-long-kimono-dress"},"modified":"2020-08-07T21:14:49","modified_gmt":"2020-08-07T19:14:49","slug":"its-love-long-kimono-dress","status":"publish","type":"product","link":"https:\/\/mundo-creole.com\/en\/shop\/womens-clothing-en\/kimonos-en\/tunics-kimonos\/its-love-long-kimono-dress","title":{"rendered":"It\u00b4s Love long Kimono Dress"},"content":{"rendered":"<p>Wundersch\u00f6ner Kimono Dress aus Seide<\/p>\n<div data-contents=\"true\">\n<div class=\"\" data-block=\"true\" data-editor=\"bavkr\" data-offset-key=\"61iio-0-0\">\n<div class=\"_1mf _1mj\" data-offset-key=\"61iio-0-0\"><span class=\"_3gl1 _5zz4\" data-offset-key=\"61iio-0-0\"><span class=\"_ncl\"><span data-offset-key=\"61iio-0-0\">\u2728<\/span><\/span><\/span><span class=\"_3gl1 _5zz4\" data-offset-key=\"61iio-1-0\"><span class=\"_ncl\"><span data-offset-key=\"61iio-1-0\">\u2728<\/span><\/span><\/span><span class=\"_3gl1 _5zz4\" data-offset-key=\"61iio-2-0\"><span class=\"_ncl\"><span data-offset-key=\"61iio-2-0\">\u2728<\/span><\/span><\/span><\/div>\n<\/div>\n<\/div>\n<p>Kann offen getragen werden oder l\u00e4sst sich durch ein G\u00fcrtel schlie\u00dfen und als Kleid tragen #loveit<\/p>\n<p>Einheitsgr\u00f6\u00dfe (tragbar bis xl)<\/p>\n<p>&#8212;&#8212;&#8212;&#8212;&#8212;&#8212;&#8212;&#8211;<\/p>\n<p>Bei Fragen zu dem Produkt schreibt mir gerne eine Nachrricht &lt;3<\/p>\n","protected":false},"excerpt":{"rendered":"<p>Wundersch\u00f6ner Kimono Dress aus Seide \u2728\u2728\u2728 Kann offen getragen werden oder l\u00e4sst sich durch ein G\u00fcrtel schlie\u00dfen und als Kleid tragen #loveit Einheitsgr\u00f6\u00dfe (tragbar bis xl) &#8212;&#8212;&#8212;&#8212;&#8212;&#8212;&#8212;&#8211; Bei Fragen zu dem Produkt schreibt mir gerne eine Nachrricht &lt;3<\/p>\n","protected":false},"featured_media":27722,"comment_status":"open","ping_status":"closed","template":"","meta":[],"product_cat":[137,1146,1223],"product_tag":[],"_links":{"self":[{"href":"https:\/\/mundo-creole.com\/en\/wp-json\/wp\/v2\/product\/28443"}],"collection":[{"href":"https:\/\/mundo-creole.com\/en\/wp-json\/wp\/v2\/product"}],"about":[{"href":"https:\/\/mundo-creole.com\/en\/wp-json\/wp\/v2\/types\/product"}],"replies":[{"embeddable":true,"href":"https:\/\/mundo-creole.com\/en\/wp-json\/wp\/v2\/comments?post=28443"}],"wp:featuredmedia":[{"embeddable":true,"href":"https:\/\/mundo-creole.com\/en\/wp-json\/wp\/v2\/media\/27722"}],"wp:attachment":[{"href":"https:\/\/mundo-creole.com\/en\/wp-json\/wp\/v2\/media?parent=28443"}],"wp:term":[{"taxonomy":"product_cat","embeddable":true,"href":"https:\/\/mundo-creole.com\/en\/wp-json\/wp\/v2\/product_cat?post=28443"},{"taxonomy":"product_tag","embeddable":true,"href":"https:\/\/mundo-creole.com\/en\/wp-json\/wp\/v2\/product_tag?post=28443"}],"curies":[{"name":"wp","href":"https:\/\/api.w.org\/{rel}","templated":true}]}}