{"id":28545,"date":"2020-07-04T14:07:58","date_gmt":"2020-07-04T12:07:58","guid":{"rendered":"https:\/\/mundo-creole.com\/shop\/uncategorized\/gypsy-fringe-vest-jersey-kopie"},"modified":"2020-07-04T14:07:58","modified_gmt":"2020-07-04T12:07:58","slug":"gypsy-fringe-vest-jersey-kopie","status":"publish","type":"product","link":"https:\/\/mundo-creole.com\/en\/shop\/accessories\/boho-vests\/gypsy-fringe-vest-jersey-kopie","title":{"rendered":"Fringe Vest Jersey #Gyspy"},"content":{"rendered":"<p>wundersch\u00f6ne Jersey Weste mit vielen Details<\/p>\n<p>Einheitsgr\u00f6\u00dfe &#8211; tragbar von xs- L<\/p>\n","protected":false},"excerpt":{"rendered":"<p>wundersch\u00f6ne Jersey Weste mit vielen Details Einheitsgr\u00f6\u00dfe &#8211; tragbar von xs- L<\/p>\n","protected":false},"featured_media":26132,"comment_status":"closed","ping_status":"closed","template":"","meta":[],"product_cat":[124,139,66,90,91],"product_tag":[],"_links":{"self":[{"href":"https:\/\/mundo-creole.com\/en\/wp-json\/wp\/v2\/product\/28545"}],"collection":[{"href":"https:\/\/mundo-creole.com\/en\/wp-json\/wp\/v2\/product"}],"about":[{"href":"https:\/\/mundo-creole.com\/en\/wp-json\/wp\/v2\/types\/product"}],"replies":[{"embeddable":true,"href":"https:\/\/mundo-creole.com\/en\/wp-json\/wp\/v2\/comments?post=28545"}],"wp:featuredmedia":[{"embeddable":true,"href":"https:\/\/mundo-creole.com\/en\/wp-json\/wp\/v2\/media\/26132"}],"wp:attachment":[{"href":"https:\/\/mundo-creole.com\/en\/wp-json\/wp\/v2\/media?parent=28545"}],"wp:term":[{"taxonomy":"product_cat","embeddable":true,"href":"https:\/\/mundo-creole.com\/en\/wp-json\/wp\/v2\/product_cat?post=28545"},{"taxonomy":"product_tag","embeddable":true,"href":"https:\/\/mundo-creole.com\/en\/wp-json\/wp\/v2\/product_tag?post=28545"}],"curies":[{"name":"wp","href":"https:\/\/api.w.org\/{rel}","templated":true}]}}