{"id":28572,"date":"2020-07-02T23:13:14","date_gmt":"2020-07-02T21:13:14","guid":{"rendered":"https:\/\/mundo-creole.com\/shop\/uncategorized\/new-moon-ring-%f0%9f%8c%99moonstone-gold-silber-brass-%f0%9f%8c%99"},"modified":"2020-07-02T23:13:14","modified_gmt":"2020-07-02T21:13:14","slug":"new-moon-ring-%f0%9f%8c%99moonstone-gold-silber-brass-%f0%9f%8c%99","status":"publish","type":"product","link":"https:\/\/mundo-creole.com\/en\/shop\/jewelry\/rings\/new-moon-ring-%f0%9f%8c%99moonstone-gold-silber-brass-%f0%9f%8c%99","title":{"rendered":"NEW MOON RING \ud83c\udf19Moonstone\/Gold \/ Silber Brass \ud83c\udf19"},"content":{"rendered":"<p>Moving forward towards our dreams with intention &amp; action, and leaving the energy draining conflicts of procrastination behind. <span class=\"_5mfr\"><span class=\"_6qdm\">\ud83d\udcab<\/span><\/span><br \/>\nNew Moon Ring \ud83c\udf19<\/p>\n<p>Eingefasster wundersch\u00f6ner schimmernder Mondstein in Silber Brass oder Gold Brass.<\/p>\n<p>Bei Fragen zu dem Produkt schreibt mir gerne eine Nachrricht &lt;3<\/p>\n<p>&nbsp;<\/p>\n<p><strong>RING GR\u00d6\u00dfE ERMITTELN<\/strong>-ganz einfach<\/p>\n<p>&#8212;&#8211; Lege einen Ring der dir gut passt auf ein Lineal und lese den Innendurchmesser ( mittig-breiteste stelle) in MILLIMETERN (mm) ab.<\/p>\n<p>&#8212; Hast du z.B einen Innendurchmesser von sagen wir mal 13 mm- 22mm gemessen habe ich deine gr\u00f6\u00dfe auf Lager und du kannst die Gr\u00f6\u00dfe oben in der Auswahl eingeben \ud83d\ude42<\/p>\n<p>DU HAST GRADE KEINEN RING ZUR HAND?<br \/>\n-schneide aus einem Blatt Papier einen schmalen Streifen und wickel diesen um deinen Finger und ziehe ihn so an das er sich noch leicht drehen l\u00e4sst.<br \/>\n&#8211; Makiere nun das Ende des Papierstreifens- Jetzt kannst du mittels einem normalen Lineals die L\u00e4nge bestimmen in mm abgelesen.<\/p>\n<p>Bei Fragen zu dem Produkt schreibt mir gerne eine Nachrricht &lt;3<\/p>\n","protected":false},"excerpt":{"rendered":"<p>Moving forward towards our dreams with intention &amp; action, and leaving the energy draining conflicts of procrastination behind. \ud83d\udcab New Moon Ring \ud83c\udf19 Eingefasster wundersch\u00f6ner schimmernder Mondstein in Silber Brass oder Gold Brass. Bei Fragen zu dem Produkt schreibt mir gerne eine Nachrricht &lt;3 &nbsp; RING GR\u00d6\u00dfE ERMITTELN-ganz einfach &#8212;&#8211; Lege einen Ring der dir [&hellip;]<\/p>\n","protected":false},"featured_media":5259,"comment_status":"open","ping_status":"closed","template":"","meta":[],"product_cat":[144,1141,135],"product_tag":[],"_links":{"self":[{"href":"https:\/\/mundo-creole.com\/en\/wp-json\/wp\/v2\/product\/28572"}],"collection":[{"href":"https:\/\/mundo-creole.com\/en\/wp-json\/wp\/v2\/product"}],"about":[{"href":"https:\/\/mundo-creole.com\/en\/wp-json\/wp\/v2\/types\/product"}],"replies":[{"embeddable":true,"href":"https:\/\/mundo-creole.com\/en\/wp-json\/wp\/v2\/comments?post=28572"}],"wp:featuredmedia":[{"embeddable":true,"href":"https:\/\/mundo-creole.com\/en\/wp-json\/wp\/v2\/media\/5259"}],"wp:attachment":[{"href":"https:\/\/mundo-creole.com\/en\/wp-json\/wp\/v2\/media?parent=28572"}],"wp:term":[{"taxonomy":"product_cat","embeddable":true,"href":"https:\/\/mundo-creole.com\/en\/wp-json\/wp\/v2\/product_cat?post=28572"},{"taxonomy":"product_tag","embeddable":true,"href":"https:\/\/mundo-creole.com\/en\/wp-json\/wp\/v2\/product_tag?post=28572"}],"curies":[{"name":"wp","href":"https:\/\/api.w.org\/{rel}","templated":true}]}}