{"id":28600,"date":"2020-07-02T23:02:35","date_gmt":"2020-07-02T21:02:35","guid":{"rendered":"https:\/\/mundo-creole.com\/shop\/uncategorized\/spirale-moonstone-ear-climber-silber"},"modified":"2020-07-02T23:02:35","modified_gmt":"2020-07-02T21:02:35","slug":"spirale-moonstone-ear-climber-silber","status":"publish","type":"product","link":"https:\/\/mundo-creole.com\/en\/shop\/jewelry\/earrings\/spirale-moonstone-ear-climber-silber","title":{"rendered":"Spirale Moonstone \/Ear climber \/ silber"},"content":{"rendered":"<p>wundersch\u00f6ne ohr spirale aus silber mit eingefasstem Mondstein <span class=\"_3gl1 _5zz4\" data-offset-key=\"6ej00-0-0\"><span class=\"_ncl\"><span data-offset-key=\"6ej00-0-0\">\u2764\ufe0f<\/span><\/span><\/span><\/p>\n<p>bitte bei der Bestellung die gew\u00fcnschte seite rechtes Ohr oder links angeben-falls du die Spirale f\u00fcr beide seiten haben m\u00f6chtest einfach 2 st\u00fcck bestellen!<\/p>\n<p>Die l\u00e4nger ist 20 mm und die breite 8 mm<\/p>\n<p>Bei Fragen zu dem Produkt schreibt mir einfach eine Nachrricht.<\/p>\n<p>LOVE &lt;3<\/p>\n","protected":false},"excerpt":{"rendered":"<p>wundersch\u00f6ne ohr spirale aus silber mit eingefasstem Mondstein \u2764\ufe0f bitte bei der Bestellung die gew\u00fcnschte seite rechtes Ohr oder links angeben-falls du die Spirale f\u00fcr beide seiten haben m\u00f6chtest einfach 2 st\u00fcck bestellen! Die l\u00e4nger ist 20 mm und die breite 8 mm Bei Fragen zu dem Produkt schreibt mir einfach eine Nachrricht. LOVE &lt;3<\/p>\n","protected":false},"featured_media":7089,"comment_status":"open","ping_status":"closed","template":"","meta":[],"product_cat":[144,147,135],"product_tag":[],"_links":{"self":[{"href":"https:\/\/mundo-creole.com\/en\/wp-json\/wp\/v2\/product\/28600"}],"collection":[{"href":"https:\/\/mundo-creole.com\/en\/wp-json\/wp\/v2\/product"}],"about":[{"href":"https:\/\/mundo-creole.com\/en\/wp-json\/wp\/v2\/types\/product"}],"replies":[{"embeddable":true,"href":"https:\/\/mundo-creole.com\/en\/wp-json\/wp\/v2\/comments?post=28600"}],"wp:featuredmedia":[{"embeddable":true,"href":"https:\/\/mundo-creole.com\/en\/wp-json\/wp\/v2\/media\/7089"}],"wp:attachment":[{"href":"https:\/\/mundo-creole.com\/en\/wp-json\/wp\/v2\/media?parent=28600"}],"wp:term":[{"taxonomy":"product_cat","embeddable":true,"href":"https:\/\/mundo-creole.com\/en\/wp-json\/wp\/v2\/product_cat?post=28600"},{"taxonomy":"product_tag","embeddable":true,"href":"https:\/\/mundo-creole.com\/en\/wp-json\/wp\/v2\/product_tag?post=28600"}],"curies":[{"name":"wp","href":"https:\/\/api.w.org\/{rel}","templated":true}]}}