{"id":28603,"date":"2020-07-02T22:56:19","date_gmt":"2020-07-02T20:56:19","guid":{"rendered":"https:\/\/mundo-creole.com\/shop\/uncategorized\/moonstone-ring-gold-brass"},"modified":"2020-07-02T22:56:19","modified_gmt":"2020-07-02T20:56:19","slug":"moonstone-ring-gold-brass","status":"publish","type":"product","link":"https:\/\/mundo-creole.com\/en\/shop\/jewelry\/rings\/moonstone-ring-gold-brass","title":{"rendered":"Moonstone Ring Gold Brass"},"content":{"rendered":"<p><strong>\u00a0<\/strong><\/p>\n<p>&nbsp;<\/p>\n<p>&nbsp;<\/p>\n<p><strong>RING GR\u00d6\u00dfE ERMITTELN<\/strong>-ganz einfach<\/p>\n<p>\u2014\u2013 Lege einen Ring der dir gut passt auf ein Lineal und lese den Innendurchmesser ( mittig-breiteste stelle) in MILLIMETERN (mm) ab.<\/p>\n<p>\u2014 Hast du z.B einen Innendurchmesser von sagen wir mal 13 mm- 22mm gemessen habe ich deine gr\u00f6\u00dfe auf Lager und du kannst die Gr\u00f6\u00dfe oben in der Auswahl eingeben \ud83d\ude42<\/p>\n<p>DU HAST GRADE KEINEN RING ZUR HAND?<br \/>\n-schneide aus einem Blatt Papier einen schmalen Streifen und wickel diesen um deinen Finger und ziehe ihn so an das er sich noch leicht drehen l\u00e4sst.<br \/>\n\u2013 Makiere nun das Ende des Papierstreifens- Jetzt kannst du mittels einem normalen Lineals die L\u00e4nge bestimmen in mm abgelesen.<\/p>\n<p>Bei Fragen zu dem Produkt schreibt mir gerne eine Nachrricht &lt;3<\/p>\n<p>&nbsp;<\/p>\n<p>&nbsp;<\/p>\n","protected":false},"excerpt":{"rendered":"<p>\u00a0 &nbsp; &nbsp; RING GR\u00d6\u00dfE ERMITTELN-ganz einfach \u2014\u2013 Lege einen Ring der dir gut passt auf ein Lineal und lese den Innendurchmesser ( mittig-breiteste stelle) in MILLIMETERN (mm) ab. \u2014 Hast du z.B einen Innendurchmesser von sagen wir mal 13 mm- 22mm gemessen habe ich deine gr\u00f6\u00dfe auf Lager und du kannst die Gr\u00f6\u00dfe oben [&hellip;]<\/p>\n","protected":false},"featured_media":25798,"comment_status":"open","ping_status":"closed","template":"","meta":[],"product_cat":[144,1141,135],"product_tag":[],"_links":{"self":[{"href":"https:\/\/mundo-creole.com\/en\/wp-json\/wp\/v2\/product\/28603"}],"collection":[{"href":"https:\/\/mundo-creole.com\/en\/wp-json\/wp\/v2\/product"}],"about":[{"href":"https:\/\/mundo-creole.com\/en\/wp-json\/wp\/v2\/types\/product"}],"replies":[{"embeddable":true,"href":"https:\/\/mundo-creole.com\/en\/wp-json\/wp\/v2\/comments?post=28603"}],"wp:featuredmedia":[{"embeddable":true,"href":"https:\/\/mundo-creole.com\/en\/wp-json\/wp\/v2\/media\/25798"}],"wp:attachment":[{"href":"https:\/\/mundo-creole.com\/en\/wp-json\/wp\/v2\/media?parent=28603"}],"wp:term":[{"taxonomy":"product_cat","embeddable":true,"href":"https:\/\/mundo-creole.com\/en\/wp-json\/wp\/v2\/product_cat?post=28603"},{"taxonomy":"product_tag","embeddable":true,"href":"https:\/\/mundo-creole.com\/en\/wp-json\/wp\/v2\/product_tag?post=28603"}],"curies":[{"name":"wp","href":"https:\/\/api.w.org\/{rel}","templated":true}]}}