{"id":28628,"date":"2020-07-02T22:09:29","date_gmt":"2020-07-02T20:09:29","guid":{"rendered":"https:\/\/mundo-creole.com\/shop\/uncategorized\/moonstone-ring%f0%9f%8c%99silver-2"},"modified":"2020-07-02T22:09:29","modified_gmt":"2020-07-02T20:09:29","slug":"moonstone-ring%f0%9f%8c%99silver-2","status":"publish","type":"product","link":"https:\/\/mundo-creole.com\/en\/shop\/jewelry\/rings\/moonstone-ring%f0%9f%8c%99silver-2","title":{"rendered":"Moonstone Ring\ud83c\udf19Silver"},"content":{"rendered":"<p>Moving forward towards our dreams with intention &amp; action, and leaving the energy draining conflicts of procrastination behind. <span class=\"_5mfr\"><span class=\"_6qdm\">\ud83d\udcab<\/span><\/span><br \/>\nMoonstone Ring \ud83c\udf19<\/p>\n<p>The Moonstone Crystal stone meaning is linked with our ancient fascination with the moon, the glowing Mandala of the sky. Call on the Moonstone crystal meaning to unlock the inner goddess that exists deep within your spirit and channel the brilliant white illumination of moonbeams shining light on your pathway to balance and harmony.<\/p>\n<p>In Silber ingefasster wundersch\u00f6ner schimmernder Mondstein<\/p>\n<p>Bei Fragen zu dem Produkt schreibt mir gerne eine Nachrricht &lt;3<\/p>\n<p>&nbsp;<\/p>\n<p><strong>RING GR\u00d6\u00dfE ERMITTELN<\/strong>-ganz einfach<\/p>\n<p>&#8212;&#8211; Lege einen Ring der dir gut passt auf ein Lineal und lese den Innendurchmesser ( mittig-breiteste stelle) in MILLIMETERN (mm) ab.<\/p>\n<p>&#8212; Hast du z.B einen Innendurchmesser von sagen wir mal 13 mm- 22mm gemessen habe ich deine gr\u00f6\u00dfe auf Lager und du kannst die Gr\u00f6\u00dfe oben in der Auswahl eingeben \ud83d\ude42<\/p>\n<p>DU HAST GRADE KEINEN RING ZUR HAND?<br \/>\n-schneide aus einem Blatt Papier einen schmalen Streifen und wickel diesen um deinen Finger und ziehe ihn so an das er sich noch leicht drehen l\u00e4sst.<br \/>\n&#8211; Makiere nun das Ende des Papierstreifens- Jetzt kannst du mittels einem normalen Lineals die L\u00e4nge bestimmen in mm abgelesen.<\/p>\n<p>Bei Fragen zu dem Produkt schreibt mir gerne eine Nachrricht &lt;3<\/p>\n","protected":false},"excerpt":{"rendered":"<p>Moving forward towards our dreams with intention &amp; action, and leaving the energy draining conflicts of procrastination behind. \ud83d\udcab Moonstone Ring \ud83c\udf19 The Moonstone Crystal stone meaning is linked with our ancient fascination with the moon, the glowing Mandala of the sky. Call on the Moonstone crystal meaning to unlock the inner goddess that exists [&hellip;]<\/p>\n","protected":false},"featured_media":55931,"comment_status":"open","ping_status":"closed","template":"","meta":[],"product_cat":[144,1141,135],"product_tag":[],"_links":{"self":[{"href":"https:\/\/mundo-creole.com\/en\/wp-json\/wp\/v2\/product\/28628"}],"collection":[{"href":"https:\/\/mundo-creole.com\/en\/wp-json\/wp\/v2\/product"}],"about":[{"href":"https:\/\/mundo-creole.com\/en\/wp-json\/wp\/v2\/types\/product"}],"replies":[{"embeddable":true,"href":"https:\/\/mundo-creole.com\/en\/wp-json\/wp\/v2\/comments?post=28628"}],"wp:featuredmedia":[{"embeddable":true,"href":"https:\/\/mundo-creole.com\/en\/wp-json\/wp\/v2\/media\/55931"}],"wp:attachment":[{"href":"https:\/\/mundo-creole.com\/en\/wp-json\/wp\/v2\/media?parent=28628"}],"wp:term":[{"taxonomy":"product_cat","embeddable":true,"href":"https:\/\/mundo-creole.com\/en\/wp-json\/wp\/v2\/product_cat?post=28628"},{"taxonomy":"product_tag","embeddable":true,"href":"https:\/\/mundo-creole.com\/en\/wp-json\/wp\/v2\/product_tag?post=28628"}],"curies":[{"name":"wp","href":"https:\/\/api.w.org\/{rel}","templated":true}]}}