{"id":28634,"date":"2020-07-02T21:21:39","date_gmt":"2020-07-02T19:21:39","guid":{"rendered":"https:\/\/mundo-creole.com\/shop\/uncategorized\/schlichte-larimar-stein-kette-%f0%9f%92%99-silber-2"},"modified":"2020-07-02T21:21:39","modified_gmt":"2020-07-02T19:21:39","slug":"schlichte-larimar-stein-kette-%f0%9f%92%99-silber-2","status":"publish","type":"product","link":"https:\/\/mundo-creole.com\/en\/shop\/jewelry\/necklaces\/schlichte-larimar-stein-kette-%f0%9f%92%99-silber-2","title":{"rendered":"schlichte Larimar Stein Kette #minimal\ud83d\udc99 \/ silber"},"content":{"rendered":"<div class=\"\" data-block=\"true\" data-editor=\"1cl5n\" data-offset-key=\"f5hc2-0-0\"><span class=\"ILfuVd NA6bn\"><span class=\"e24Kjd\"><b>Larimar<\/b>\u00a0 stimulates the heart, throat, third eye and crown chakras facilitating inner wisdom and outer manifestation. &#8230; It represents peace and clarity radiating healing and love energy.<\/span><\/span><\/div>\n<div data-block=\"true\" data-editor=\"1cl5n\" data-offset-key=\"f5hc2-0-0\">Larimar\u2019s connection with the element of water \u2013 which is the element that rules our emotions \u2013 means that it is a wonderful stone to use for all manner of anxiety related to emotional issues, such as that caused by relationships, guilt, or anxiety caused by \u201cthinking bad thoughts.\u201d<\/div>\n<p>wundersch\u00f6ne schlichte\u00a0 silber Kette mit eingefasstem Larimar Stein <span class=\"_3gl1 _5zz4\" data-offset-key=\"c046v-0-0\"><span class=\"_ncl\"><span data-offset-key=\"c046v-0-0\">\ud83c\udf0a<\/span><\/span><\/span><span class=\"_3gl1 _5zz4\" data-offset-key=\"c046v-1-0\"><span class=\"_ncl\"><span data-offset-key=\"c046v-1-0\">\ud83d\udc99<\/span><\/span><\/span><span class=\"_3gl1 _5zz4\" data-offset-key=\"c046v-2-0\"><span class=\"_ncl\"><span data-offset-key=\"c046v-2-0\">\ud83d\udc99<\/span><\/span><\/span><span class=\"_3gl1 _5zz4\" data-offset-key=\"c046v-3-0\"><span class=\"_ncl\"><span data-offset-key=\"c046v-3-0\">\ud83d\udc99<\/span><\/span><\/span><\/p>\n<p>in 3 verschiedenen L\u00e4ngen zuhaben<\/p>\n<p>Larimar <span class=\"_3gl1 _5zz4\" data-offset-key=\"c046v-3-0\"><span class=\"_ncl\"><span data-offset-key=\"c046v-3-0\">\ud83d\udc99<\/span><\/span><\/span><\/p>\n<p>Der himmelblaue Larimar erweitert den geistigen Horizont und erm\u00f6glicht neue Sichtweisen. Auf diese Weise hilft dieser Heilstein dabei, einschr\u00e4nkende Denkmuster aufzul\u00f6sen und das Leben neu zu gestalten. Durch neu gewonnene Wege im Denken und Handeln regt er dazu an, sich selbst zu verwirklichen. Larimar schenkt innere Ruhe und ist ein Schutzstein gegen negative Energien.<\/p>\n<p>&nbsp;<\/p>\n<p>Herkunft- Dominikanische Republik<\/p>\n<p><span class=\"_3gl1 _5zz4\" data-offset-key=\"a95t6-0-0\"><span class=\"_ncl\"><span data-offset-key=\"a95t6-0-0\">\u00a0<\/span><\/span><\/span><\/p>\n<p>&nbsp;<\/p>\n","protected":false},"excerpt":{"rendered":"<p>Larimar\u00a0 stimulates the heart, throat, third eye and crown chakras facilitating inner wisdom and outer manifestation. &#8230; It represents peace and clarity radiating healing and love energy. Larimar\u2019s connection with the element of water \u2013 which is the element that rules our emotions \u2013 means that it is a wonderful stone to use for all [&hellip;]<\/p>\n","protected":false},"featured_media":25677,"comment_status":"open","ping_status":"closed","template":"","meta":[],"product_cat":[144,148,135],"product_tag":[],"_links":{"self":[{"href":"https:\/\/mundo-creole.com\/en\/wp-json\/wp\/v2\/product\/28634"}],"collection":[{"href":"https:\/\/mundo-creole.com\/en\/wp-json\/wp\/v2\/product"}],"about":[{"href":"https:\/\/mundo-creole.com\/en\/wp-json\/wp\/v2\/types\/product"}],"replies":[{"embeddable":true,"href":"https:\/\/mundo-creole.com\/en\/wp-json\/wp\/v2\/comments?post=28634"}],"wp:featuredmedia":[{"embeddable":true,"href":"https:\/\/mundo-creole.com\/en\/wp-json\/wp\/v2\/media\/25677"}],"wp:attachment":[{"href":"https:\/\/mundo-creole.com\/en\/wp-json\/wp\/v2\/media?parent=28634"}],"wp:term":[{"taxonomy":"product_cat","embeddable":true,"href":"https:\/\/mundo-creole.com\/en\/wp-json\/wp\/v2\/product_cat?post=28634"},{"taxonomy":"product_tag","embeddable":true,"href":"https:\/\/mundo-creole.com\/en\/wp-json\/wp\/v2\/product_tag?post=28634"}],"curies":[{"name":"wp","href":"https:\/\/api.w.org\/{rel}","templated":true}]}}