{"id":28652,"date":"2020-07-02T21:06:56","date_gmt":"2020-07-02T19:06:56","guid":{"rendered":"https:\/\/mundo-creole.com\/shop\/uncategorized\/larimar-ring-%f0%9f%92%99-natural-larimar"},"modified":"2020-07-02T21:06:56","modified_gmt":"2020-07-02T19:06:56","slug":"larimar-ring-%f0%9f%92%99-natural-larimar","status":"publish","type":"product","link":"https:\/\/mundo-creole.com\/en\/shop\/jewelry\/rings\/larimar-ring-%f0%9f%92%99-natural-larimar","title":{"rendered":"Larimar Ring \ud83d\udc99 natural Larimar"},"content":{"rendered":"<div class=\"\" data-block=\"true\" data-editor=\"1cl5n\" data-offset-key=\"f5hc2-0-0\"><span class=\"ILfuVd NA6bn\"><span class=\"e24Kjd\"><b>Larimar<\/b>\u00a0 stimulates the heart, throat, third eye and crown chakras facilitating inner wisdom and outer manifestation. &#8230; It represents peace and clarity radiating healing and love energy.<\/span><\/span><\/div>\n<div data-block=\"true\" data-editor=\"1cl5n\" data-offset-key=\"f5hc2-0-0\">Larimar\u2019s connection with the element of water \u2013 which is the element that rules our emotions \u2013 means that it is a wonderful stone to use for all manner of anxiety related to emotional issues, such as that caused by relationships, guilt, or anxiety caused by \u201cthinking bad thoughts.\u201d<\/div>\n<div class=\"\" data-block=\"true\" data-editor=\"1cl5n\" data-offset-key=\"18ipc-0-0\">\n<div class=\"_1mf _1mj\" data-offset-key=\"18ipc-0-0\">\n<p>wundersch\u00f6ner schlichter\u00a0 silber Ring mit eingefasstem Larimar Stein <span class=\"_3gl1 _5zz4\" data-offset-key=\"c046v-0-0\"><span class=\"_ncl\"><span data-offset-key=\"c046v-0-0\">\ud83c\udf0a<\/span><\/span><\/span><span class=\"_3gl1 _5zz4\" data-offset-key=\"c046v-1-0\"><span class=\"_ncl\"><span data-offset-key=\"c046v-1-0\">\ud83d\udc99<\/span><\/span><\/span><span class=\"_3gl1 _5zz4\" data-offset-key=\"c046v-2-0\"><span class=\"_ncl\"><span data-offset-key=\"c046v-2-0\">\ud83d\udc99<\/span><\/span><\/span><span class=\"_3gl1 _5zz4\" data-offset-key=\"c046v-3-0\"><span class=\"_ncl\"><span data-offset-key=\"c046v-3-0\">\ud83d\udc99<\/span><\/span><\/span><\/p>\n<p>LOVE THIS RING<\/p>\n<p>Larimar <span class=\"_3gl1 _5zz4\" data-offset-key=\"c046v-3-0\"><span class=\"_ncl\"><span data-offset-key=\"c046v-3-0\">\ud83d\udc99<\/span><\/span><\/span><\/p>\n<p>Der himmelblaue Larimar erweitert den geistigen Horizont und erm\u00f6glicht neue Sichtweisen. Auf diese Weise hilft dieser Heilstein dabei, einschr\u00e4nkende Denkmuster aufzul\u00f6sen und das Leben neu zu gestalten. Durch neu gewonnene Wege im Denken und Handeln regt er dazu an, sich selbst zu verwirklichen. Larimar schenkt innere Ruhe und ist ein Schutzstein gegen negative Energien.<\/p>\n<p>&nbsp;<\/p>\n<p>Herkunft- Dominikanische Republik<\/p>\n<\/div>\n<\/div>\n<p><strong>RING GR\u00d6\u00dfE ERMITTELN<\/strong>-ganz einfach &#8211;<\/p>\n<p>&#8212;&#8211; Lege einen Ring der dir gut passt auf ein Lineal und lese den Innendurchmesser ( mittig-breiteste stelle) in MILLIMETERN (mm) ab.<\/p>\n<p>&#8212; Hast du z.B einen Innendurchmesser von sagen wir mal 13 mm- 22mm gemessen habe ich deine gr\u00f6\u00dfe auf Lager und du kannst die Gr\u00f6\u00dfe oben in der Auswahl eingeben \ud83d\ude42<\/p>\n<p>DU HAST GRADE KEINEN RING ZUR HAND?<br \/>\n-schneide aus einem Blatt Papier einen schmalen Streifen und wickel diesen um deinen Finger und ziehe ihn so an das er sich noch leicht drehen l\u00e4sst.<br \/>\n&#8211; Makiere nun das Ende des Papierstreifens- Jetzt kannst du mittels einem normalen Lineals die L\u00e4nge bestimmen in mm abgelesen.<\/p>\n<p>Bei Fragen zu dem Produkt schreibt mir gerne eine Nachrricht &lt;3<\/p>\n","protected":false},"excerpt":{"rendered":"<p>Larimar\u00a0 stimulates the heart, throat, third eye and crown chakras facilitating inner wisdom and outer manifestation. &#8230; It represents peace and clarity radiating healing and love energy. Larimar\u2019s connection with the element of water \u2013 which is the element that rules our emotions \u2013 means that it is a wonderful stone to use for all [&hellip;]<\/p>\n","protected":false},"featured_media":25622,"comment_status":"open","ping_status":"closed","template":"","meta":[],"product_cat":[144,1141,135,295],"product_tag":[],"_links":{"self":[{"href":"https:\/\/mundo-creole.com\/en\/wp-json\/wp\/v2\/product\/28652"}],"collection":[{"href":"https:\/\/mundo-creole.com\/en\/wp-json\/wp\/v2\/product"}],"about":[{"href":"https:\/\/mundo-creole.com\/en\/wp-json\/wp\/v2\/types\/product"}],"replies":[{"embeddable":true,"href":"https:\/\/mundo-creole.com\/en\/wp-json\/wp\/v2\/comments?post=28652"}],"wp:featuredmedia":[{"embeddable":true,"href":"https:\/\/mundo-creole.com\/en\/wp-json\/wp\/v2\/media\/25622"}],"wp:attachment":[{"href":"https:\/\/mundo-creole.com\/en\/wp-json\/wp\/v2\/media?parent=28652"}],"wp:term":[{"taxonomy":"product_cat","embeddable":true,"href":"https:\/\/mundo-creole.com\/en\/wp-json\/wp\/v2\/product_cat?post=28652"},{"taxonomy":"product_tag","embeddable":true,"href":"https:\/\/mundo-creole.com\/en\/wp-json\/wp\/v2\/product_tag?post=28652"}],"curies":[{"name":"wp","href":"https:\/\/api.w.org\/{rel}","templated":true}]}}