{"id":28731,"date":"2020-07-01T14:31:10","date_gmt":"2020-07-01T12:31:10","guid":{"rendered":"https:\/\/mundo-creole.com\/shop\/uncategorized\/silk-shorts-seide-kurze-hose-laenge-an-der-seite-verstellbar-37"},"modified":"2020-07-01T14:31:10","modified_gmt":"2020-07-01T12:31:10","slug":"silk-shorts-seide-kurze-hose-laenge-an-der-seite-verstellbar-37","status":"publish","type":"product","link":"https:\/\/mundo-creole.com\/en\/shop\/womens-clothing-en\/skirts\/short-skirts\/silk-shorts-seide-kurze-hose-laenge-an-der-seite-verstellbar-37","title":{"rendered":"Silk Shorts\/Seide\/Kurze Hose\/L\u00e4nge an der seite verstellbar."},"content":{"rendered":"<p>SILK SHORTS-&#8216;BOHO DREAM<\/p>\n<p>&nbsp;<\/p>\n<p>-Die L\u00e4nge l\u00e4sst sich an beiden Seiten regulieren<\/p>\n<p><strong>Durch diesen besonderen Schnitt und das Stretch Bund und B\u00e4nder tr\u00e4gt sich diese Shorts wunderbar als Einheitsgr\u00f6\u00dfe und ist wunderbar tragbar von xs-L<\/strong><\/p>\n<p>-passt sich wunderbar an die K\u00f6rperform anpassen- Ich liebe sie\u2764<\/p>\n<p>The Story Continues \u2764<br \/>\nUpcycled Indian sari<br \/>\nHandpicked as a vintage sari and reborn into this unique garment \u2764 \u2764 \u2764<br \/>\nEvery piece is one of a kind.<\/p>\n<p>lots of details<\/p>\n","protected":false},"excerpt":{"rendered":"<p>SILK SHORTS-&#8216;BOHO DREAM &nbsp; -Die L\u00e4nge l\u00e4sst sich an beiden Seiten regulieren Durch diesen besonderen Schnitt und das Stretch Bund und B\u00e4nder tr\u00e4gt sich diese Shorts wunderbar als Einheitsgr\u00f6\u00dfe und ist wunderbar tragbar von xs-L -passt sich wunderbar an die K\u00f6rperform anpassen- Ich liebe sie\u2764 The Story Continues \u2764 Upcycled Indian sari Handpicked as a [&hellip;]<\/p>\n","protected":false},"featured_media":25269,"comment_status":"closed","ping_status":"closed","template":"","meta":[],"product_cat":[1652,78,1656,87,88],"product_tag":[],"_links":{"self":[{"href":"https:\/\/mundo-creole.com\/en\/wp-json\/wp\/v2\/product\/28731"}],"collection":[{"href":"https:\/\/mundo-creole.com\/en\/wp-json\/wp\/v2\/product"}],"about":[{"href":"https:\/\/mundo-creole.com\/en\/wp-json\/wp\/v2\/types\/product"}],"replies":[{"embeddable":true,"href":"https:\/\/mundo-creole.com\/en\/wp-json\/wp\/v2\/comments?post=28731"}],"wp:featuredmedia":[{"embeddable":true,"href":"https:\/\/mundo-creole.com\/en\/wp-json\/wp\/v2\/media\/25269"}],"wp:attachment":[{"href":"https:\/\/mundo-creole.com\/en\/wp-json\/wp\/v2\/media?parent=28731"}],"wp:term":[{"taxonomy":"product_cat","embeddable":true,"href":"https:\/\/mundo-creole.com\/en\/wp-json\/wp\/v2\/product_cat?post=28731"},{"taxonomy":"product_tag","embeddable":true,"href":"https:\/\/mundo-creole.com\/en\/wp-json\/wp\/v2\/product_tag?post=28731"}],"curies":[{"name":"wp","href":"https:\/\/api.w.org\/{rel}","templated":true}]}}