{"id":28752,"date":"2020-06-29T11:29:47","date_gmt":"2020-06-29T09:29:47","guid":{"rendered":"https:\/\/mundo-creole.com\/shop\/uncategorized\/embroidered-silk-maxi-dress-shine-2"},"modified":"2020-06-29T11:29:47","modified_gmt":"2020-06-29T09:29:47","slug":"embroidered-silk-maxi-dress-shine-2","status":"publish","type":"product","link":"https:\/\/mundo-creole.com\/en\/shop\/womens-clothing-en\/dresses-en\/maxi-dresses-en\/embroidered-silk-maxi-dress-shine-2","title":{"rendered":"Embroidered Silk Maxi Dress #Shine"},"content":{"rendered":"<p>Wundersch\u00f6nes Embroidered Maxi Kleid aus Seide- in wundersch\u00f6nem Paisley Print,ein ganz besonders St\u00fcck das dich strahlen l\u00e4sst. &lt;3<\/p>\n<p>-bestickt mit Pailetten am Ausschnitt<\/p>\n<p>-V Ausschnitt<\/p>\n<p>&nbsp;<\/p>\n","protected":false},"excerpt":{"rendered":"<p>Wundersch\u00f6nes Embroidered Maxi Kleid aus Seide- in wundersch\u00f6nem Paisley Print,ein ganz besonders St\u00fcck das dich strahlen l\u00e4sst. &lt;3 -bestickt mit Pailetten am Ausschnitt -V Ausschnitt &nbsp;<\/p>\n","protected":false},"featured_media":24964,"comment_status":"open","ping_status":"closed","template":"","meta":[],"product_cat":[1657,1659,137],"product_tag":[],"_links":{"self":[{"href":"https:\/\/mundo-creole.com\/en\/wp-json\/wp\/v2\/product\/28752"}],"collection":[{"href":"https:\/\/mundo-creole.com\/en\/wp-json\/wp\/v2\/product"}],"about":[{"href":"https:\/\/mundo-creole.com\/en\/wp-json\/wp\/v2\/types\/product"}],"replies":[{"embeddable":true,"href":"https:\/\/mundo-creole.com\/en\/wp-json\/wp\/v2\/comments?post=28752"}],"wp:featuredmedia":[{"embeddable":true,"href":"https:\/\/mundo-creole.com\/en\/wp-json\/wp\/v2\/media\/24964"}],"wp:attachment":[{"href":"https:\/\/mundo-creole.com\/en\/wp-json\/wp\/v2\/media?parent=28752"}],"wp:term":[{"taxonomy":"product_cat","embeddable":true,"href":"https:\/\/mundo-creole.com\/en\/wp-json\/wp\/v2\/product_cat?post=28752"},{"taxonomy":"product_tag","embeddable":true,"href":"https:\/\/mundo-creole.com\/en\/wp-json\/wp\/v2\/product_tag?post=28752"}],"curies":[{"name":"wp","href":"https:\/\/api.w.org\/{rel}","templated":true}]}}