{"id":28755,"date":"2020-06-29T11:01:23","date_gmt":"2020-06-29T09:01:23","guid":{"rendered":"https:\/\/mundo-creole.com\/shop\/uncategorized\/embroidered-silk-maxi-dress-shine"},"modified":"2020-06-29T11:01:23","modified_gmt":"2020-06-29T09:01:23","slug":"embroidered-silk-maxi-dress-shine","status":"publish","type":"product","link":"https:\/\/mundo-creole.com\/en\/shop\/womens-clothing-en\/dresses-en\/maxi-dresses-en\/embroidered-silk-maxi-dress-shine","title":{"rendered":"Embroidered Silk Maxi Dress #Shine"},"content":{"rendered":"<p>Wundersch\u00f6nes Embroidered Maxi Kleid aus Seide- in wundersch\u00f6nem Paisley Print,ein ganz besonders St\u00fcck das dich strahlen l\u00e4sst. &lt;3<\/p>\n<p>-bestickt mit Pailetten am Ausschnitt<\/p>\n<p>-V Ausschnitt<\/p>\n<p>&nbsp;<\/p>\n","protected":false},"excerpt":{"rendered":"<p>Wundersch\u00f6nes Embroidered Maxi Kleid aus Seide- in wundersch\u00f6nem Paisley Print,ein ganz besonders St\u00fcck das dich strahlen l\u00e4sst. &lt;3 -bestickt mit Pailetten am Ausschnitt -V Ausschnitt &nbsp;<\/p>\n","protected":false},"featured_media":24953,"comment_status":"open","ping_status":"closed","template":"","meta":[],"product_cat":[1657,1659,137],"product_tag":[],"_links":{"self":[{"href":"https:\/\/mundo-creole.com\/en\/wp-json\/wp\/v2\/product\/28755"}],"collection":[{"href":"https:\/\/mundo-creole.com\/en\/wp-json\/wp\/v2\/product"}],"about":[{"href":"https:\/\/mundo-creole.com\/en\/wp-json\/wp\/v2\/types\/product"}],"replies":[{"embeddable":true,"href":"https:\/\/mundo-creole.com\/en\/wp-json\/wp\/v2\/comments?post=28755"}],"wp:featuredmedia":[{"embeddable":true,"href":"https:\/\/mundo-creole.com\/en\/wp-json\/wp\/v2\/media\/24953"}],"wp:attachment":[{"href":"https:\/\/mundo-creole.com\/en\/wp-json\/wp\/v2\/media?parent=28755"}],"wp:term":[{"taxonomy":"product_cat","embeddable":true,"href":"https:\/\/mundo-creole.com\/en\/wp-json\/wp\/v2\/product_cat?post=28755"},{"taxonomy":"product_tag","embeddable":true,"href":"https:\/\/mundo-creole.com\/en\/wp-json\/wp\/v2\/product_tag?post=28755"}],"curies":[{"name":"wp","href":"https:\/\/api.w.org\/{rel}","templated":true}]}}