{"id":28765,"date":"2020-06-28T14:58:52","date_gmt":"2020-06-28T12:58:52","guid":{"rendered":"https:\/\/mundo-creole.com\/shop\/uncategorized\/kauri-shell-fusskette-armband-3"},"modified":"2020-06-28T14:58:52","modified_gmt":"2020-06-28T12:58:52","slug":"kauri-shell-fusskette-armband-3","status":"publish","type":"product","link":"https:\/\/mundo-creole.com\/en\/shop\/jewelry\/bracelets\/kauri-shell-fusskette-armband-3","title":{"rendered":"Kauri Shell Fu\u00dfkette \/Armband"},"content":{"rendered":"<p><em>wundersch\u00f6nes Kauri Shell F\u00fc\u00dfkettchen\/Armband<br \/>\n<\/em><\/p>\n<p><strong>Handgemachter Artikel<\/strong><\/p>\n<p>&nbsp;<\/p>\n<p>&nbsp;<\/p>\n<p>&nbsp;<\/p>\n<p>&nbsp;<\/p>\n<p>&nbsp;<\/p>\n","protected":false},"excerpt":{"rendered":"<p>wundersch\u00f6nes Kauri Shell F\u00fc\u00dfkettchen\/Armband Handgemachter Artikel &nbsp; &nbsp; &nbsp; &nbsp; &nbsp;<\/p>\n","protected":false},"featured_media":24843,"comment_status":"open","ping_status":"closed","template":"","meta":[],"product_cat":[144,148,145,1662,134,135],"product_tag":[],"_links":{"self":[{"href":"https:\/\/mundo-creole.com\/en\/wp-json\/wp\/v2\/product\/28765"}],"collection":[{"href":"https:\/\/mundo-creole.com\/en\/wp-json\/wp\/v2\/product"}],"about":[{"href":"https:\/\/mundo-creole.com\/en\/wp-json\/wp\/v2\/types\/product"}],"replies":[{"embeddable":true,"href":"https:\/\/mundo-creole.com\/en\/wp-json\/wp\/v2\/comments?post=28765"}],"wp:featuredmedia":[{"embeddable":true,"href":"https:\/\/mundo-creole.com\/en\/wp-json\/wp\/v2\/media\/24843"}],"wp:attachment":[{"href":"https:\/\/mundo-creole.com\/en\/wp-json\/wp\/v2\/media?parent=28765"}],"wp:term":[{"taxonomy":"product_cat","embeddable":true,"href":"https:\/\/mundo-creole.com\/en\/wp-json\/wp\/v2\/product_cat?post=28765"},{"taxonomy":"product_tag","embeddable":true,"href":"https:\/\/mundo-creole.com\/en\/wp-json\/wp\/v2\/product_tag?post=28765"}],"curies":[{"name":"wp","href":"https:\/\/api.w.org\/{rel}","templated":true}]}}