{"id":28769,"date":"2020-06-28T14:29:04","date_gmt":"2020-06-28T12:29:04","guid":{"rendered":"https:\/\/mundo-creole.com\/shop\/uncategorized\/kauri-shell-fusskette-tuerkis-gold"},"modified":"2020-06-28T14:29:04","modified_gmt":"2020-06-28T12:29:04","slug":"kauri-shell-fusskette-tuerkis-gold","status":"publish","type":"product","link":"https:\/\/mundo-creole.com\/en\/shop\/jewelry\/necklaces\/kauri-shell-fusskette-tuerkis-gold","title":{"rendered":"Kauri Shell Fu\u00dfkette T\u00fcrkisstein \/Gold"},"content":{"rendered":"<p><em>wundersch\u00f6nes Kauri Shell F\u00fc\u00dfkettchen<br \/>\n<\/em><\/p>\n<p><strong>Handgemachter Artikel<\/strong><\/p>\n<p>&nbsp;<\/p>\n<p>&nbsp;<\/p>\n<p>&nbsp;<\/p>\n<p>&nbsp;<\/p>\n<p>&nbsp;<\/p>\n","protected":false},"excerpt":{"rendered":"<p>wundersch\u00f6nes Kauri Shell F\u00fc\u00dfkettchen Handgemachter Artikel &nbsp; &nbsp; &nbsp; &nbsp; &nbsp;<\/p>\n","protected":false},"featured_media":24829,"comment_status":"open","ping_status":"closed","template":"","meta":[],"product_cat":[144,148,1662,134,135],"product_tag":[],"_links":{"self":[{"href":"https:\/\/mundo-creole.com\/en\/wp-json\/wp\/v2\/product\/28769"}],"collection":[{"href":"https:\/\/mundo-creole.com\/en\/wp-json\/wp\/v2\/product"}],"about":[{"href":"https:\/\/mundo-creole.com\/en\/wp-json\/wp\/v2\/types\/product"}],"replies":[{"embeddable":true,"href":"https:\/\/mundo-creole.com\/en\/wp-json\/wp\/v2\/comments?post=28769"}],"wp:featuredmedia":[{"embeddable":true,"href":"https:\/\/mundo-creole.com\/en\/wp-json\/wp\/v2\/media\/24829"}],"wp:attachment":[{"href":"https:\/\/mundo-creole.com\/en\/wp-json\/wp\/v2\/media?parent=28769"}],"wp:term":[{"taxonomy":"product_cat","embeddable":true,"href":"https:\/\/mundo-creole.com\/en\/wp-json\/wp\/v2\/product_cat?post=28769"},{"taxonomy":"product_tag","embeddable":true,"href":"https:\/\/mundo-creole.com\/en\/wp-json\/wp\/v2\/product_tag?post=28769"}],"curies":[{"name":"wp","href":"https:\/\/api.w.org\/{rel}","templated":true}]}}