{"id":28772,"date":"2020-06-28T14:05:23","date_gmt":"2020-06-28T12:05:23","guid":{"rendered":"https:\/\/mundo-creole.com\/shop\/uncategorized\/kauri-shell-choker-plain"},"modified":"2020-06-28T14:05:23","modified_gmt":"2020-06-28T12:05:23","slug":"kauri-shell-choker-plain","status":"publish","type":"product","link":"https:\/\/mundo-creole.com\/en\/shop\/jewelry\/necklaces\/kauri-shell-choker-plain","title":{"rendered":"Kauri Shell Choker plain"},"content":{"rendered":"<p><span data-offset-key=\"3u75j-0-0\">Kauri Shell Choker<br \/>\n<\/span><\/p>\n<p>Die L\u00e4nge ist verstellbar und l\u00e4sst sich genau so anpassen wie du die kette gerne tragen m\u00f6chtest<\/p>\n<p><em><span class=\"_3gl1 _5zz4\" data-offset-key=\"15h52-0-0\"><span class=\"_ncl\"><span data-offset-key=\"15h52-0-0\">\u00a0<\/span><\/span><\/span><\/em><\/p>\n<p>&nbsp;<\/p>\n<p>&nbsp;<\/p>\n","protected":false},"excerpt":{"rendered":"<p>Kauri Shell Choker Die L\u00e4nge ist verstellbar und l\u00e4sst sich genau so anpassen wie du die kette gerne tragen m\u00f6chtest \u00a0 &nbsp; &nbsp;<\/p>\n","protected":false},"featured_media":24810,"comment_status":"open","ping_status":"closed","template":"","meta":[],"product_cat":[144,148,1662,135],"product_tag":[],"_links":{"self":[{"href":"https:\/\/mundo-creole.com\/en\/wp-json\/wp\/v2\/product\/28772"}],"collection":[{"href":"https:\/\/mundo-creole.com\/en\/wp-json\/wp\/v2\/product"}],"about":[{"href":"https:\/\/mundo-creole.com\/en\/wp-json\/wp\/v2\/types\/product"}],"replies":[{"embeddable":true,"href":"https:\/\/mundo-creole.com\/en\/wp-json\/wp\/v2\/comments?post=28772"}],"wp:featuredmedia":[{"embeddable":true,"href":"https:\/\/mundo-creole.com\/en\/wp-json\/wp\/v2\/media\/24810"}],"wp:attachment":[{"href":"https:\/\/mundo-creole.com\/en\/wp-json\/wp\/v2\/media?parent=28772"}],"wp:term":[{"taxonomy":"product_cat","embeddable":true,"href":"https:\/\/mundo-creole.com\/en\/wp-json\/wp\/v2\/product_cat?post=28772"},{"taxonomy":"product_tag","embeddable":true,"href":"https:\/\/mundo-creole.com\/en\/wp-json\/wp\/v2\/product_tag?post=28772"}],"curies":[{"name":"wp","href":"https:\/\/api.w.org\/{rel}","templated":true}]}}