{"id":28858,"date":"2020-06-16T11:13:02","date_gmt":"2020-06-16T09:13:02","guid":{"rendered":"https:\/\/mundo-creole.com\/shop\/uncategorized\/oversize-paisley-tank-short-dress-2"},"modified":"2020-06-16T11:13:02","modified_gmt":"2020-06-16T09:13:02","slug":"oversize-paisley-tank-short-dress-2","status":"publish","type":"product","link":"https:\/\/mundo-creole.com\/en\/shop\/womens-clothing-en\/dresses-en\/maxi-dresses-en\/oversize-paisley-tank-short-dress-2","title":{"rendered":"Oversize Paisley Tank Dress"},"content":{"rendered":"<p>Oversized Tank Short Dress<br \/>\nAsymmetrical short dress<\/p>\n<p>Asymmetrisches Kleid \u00b4Oversized` mit sch\u00f6nem R\u00fcckenausschnitt aus weichester Seide- Perfekt f\u00fcr den Sommer &lt;3<br \/>\n&#8211;\u2192 Das Kleid l\u00e4sst sich auch toll mit einem G\u00fcrtel tragen oder \u00fcber einer Leggings &lt;3<\/p>\n<p>&nbsp;<\/p>\n","protected":false},"excerpt":{"rendered":"<p>Oversized Tank Short Dress Asymmetrical short dress Asymmetrisches Kleid \u00b4Oversized` mit sch\u00f6nem R\u00fcckenausschnitt aus weichester Seide- Perfekt f\u00fcr den Sommer &lt;3 &#8211;\u2192 Das Kleid l\u00e4sst sich auch toll mit einem G\u00fcrtel tragen oder \u00fcber einer Leggings &lt;3 &nbsp;<\/p>\n","protected":false},"featured_media":24173,"comment_status":"open","ping_status":"closed","template":"","meta":[],"product_cat":[1657,1659,1660,137],"product_tag":[],"_links":{"self":[{"href":"https:\/\/mundo-creole.com\/en\/wp-json\/wp\/v2\/product\/28858"}],"collection":[{"href":"https:\/\/mundo-creole.com\/en\/wp-json\/wp\/v2\/product"}],"about":[{"href":"https:\/\/mundo-creole.com\/en\/wp-json\/wp\/v2\/types\/product"}],"replies":[{"embeddable":true,"href":"https:\/\/mundo-creole.com\/en\/wp-json\/wp\/v2\/comments?post=28858"}],"wp:featuredmedia":[{"embeddable":true,"href":"https:\/\/mundo-creole.com\/en\/wp-json\/wp\/v2\/media\/24173"}],"wp:attachment":[{"href":"https:\/\/mundo-creole.com\/en\/wp-json\/wp\/v2\/media?parent=28858"}],"wp:term":[{"taxonomy":"product_cat","embeddable":true,"href":"https:\/\/mundo-creole.com\/en\/wp-json\/wp\/v2\/product_cat?post=28858"},{"taxonomy":"product_tag","embeddable":true,"href":"https:\/\/mundo-creole.com\/en\/wp-json\/wp\/v2\/product_tag?post=28858"}],"curies":[{"name":"wp","href":"https:\/\/api.w.org\/{rel}","templated":true}]}}