{"id":28945,"date":"2020-06-12T10:56:46","date_gmt":"2020-06-12T08:56:46","guid":{"rendered":"https:\/\/mundo-creole.com\/shop\/uncategorized\/the-tie-dye-maxi-dress-alleyesonyou"},"modified":"2022-05-26T11:24:58","modified_gmt":"2022-05-26T09:24:58","slug":"the-tie-dye-maxi-dress-alleyesonyou","status":"publish","type":"product","link":"https:\/\/mundo-creole.com\/en\/shop\/womens-clothing-en\/dresses-en\/maxi-dresses-en\/the-tie-dye-maxi-dress-alleyesonyou","title":{"rendered":"The Tie Dye Maxi Dress #AllEyesOnYou"},"content":{"rendered":"<p>Wundersch\u00f6nes fliessendes Maxi Kleid<\/p>\n<p>Das Kleid verf\u00fcgt \u00fcber einen asymmetrischen Saum und einem offenen R\u00fccken.<br \/>\nDie extra lange Schn\u00fcrung erm\u00f6glich dir das Kleid perfekt deiner K\u00f6rperform anzupassen und du kannst entscheiden ob du es eher eng oder lockerer um die Taille und Brust tragen m\u00f6chtest.<br \/>\nHergestellt aus unglaublich sch\u00f6nem weichen Bamboo Cotton &lt;3<\/p>\n<p>extra langer Schnitt<\/p>\n<p>-mit vielen kleines Details<\/p>\n<p>-pompoms an der schn\u00fcrung<\/p>\n<p>INFO&#8211;&gt; Batik Muster kann leicht von den Bildern abweichen -Hand dyed<\/p>\n","protected":false},"excerpt":{"rendered":"<p>Wundersch\u00f6nes fliessendes Maxi Kleid Das Kleid verf\u00fcgt \u00fcber einen asymmetrischen Saum und einem offenen R\u00fccken. Die extra lange Schn\u00fcrung erm\u00f6glich dir das Kleid perfekt deiner K\u00f6rperform anzupassen und du kannst entscheiden ob du es eher eng oder lockerer um die Taille und Brust tragen m\u00f6chtest. Hergestellt aus unglaublich sch\u00f6nem weichen Bamboo Cotton &lt;3 extra langer [&hellip;]<\/p>\n","protected":false},"featured_media":23573,"comment_status":"open","ping_status":"closed","template":"","meta":[],"product_cat":[1657,1659,137],"product_tag":[],"_links":{"self":[{"href":"https:\/\/mundo-creole.com\/en\/wp-json\/wp\/v2\/product\/28945"}],"collection":[{"href":"https:\/\/mundo-creole.com\/en\/wp-json\/wp\/v2\/product"}],"about":[{"href":"https:\/\/mundo-creole.com\/en\/wp-json\/wp\/v2\/types\/product"}],"replies":[{"embeddable":true,"href":"https:\/\/mundo-creole.com\/en\/wp-json\/wp\/v2\/comments?post=28945"}],"wp:featuredmedia":[{"embeddable":true,"href":"https:\/\/mundo-creole.com\/en\/wp-json\/wp\/v2\/media\/23573"}],"wp:attachment":[{"href":"https:\/\/mundo-creole.com\/en\/wp-json\/wp\/v2\/media?parent=28945"}],"wp:term":[{"taxonomy":"product_cat","embeddable":true,"href":"https:\/\/mundo-creole.com\/en\/wp-json\/wp\/v2\/product_cat?post=28945"},{"taxonomy":"product_tag","embeddable":true,"href":"https:\/\/mundo-creole.com\/en\/wp-json\/wp\/v2\/product_tag?post=28945"}],"curies":[{"name":"wp","href":"https:\/\/api.w.org\/{rel}","templated":true}]}}