{"id":28952,"date":"2020-06-12T09:12:24","date_gmt":"2020-06-12T07:12:24","guid":{"rendered":"https:\/\/mundo-creole.com\/shop\/uncategorized\/kimono-dress-tunic-shineon"},"modified":"2023-05-30T15:43:50","modified_gmt":"2023-05-30T13:43:50","slug":"kimono-dress-tunic-shineon","status":"publish","type":"product","link":"https:\/\/mundo-creole.com\/en\/shop\/womens-clothing-en\/dresses-en\/maxi-dresses-en\/kimono-dress-tunic-shineon","title":{"rendered":"Kimono Dress \/Tunic #shineOn"},"content":{"rendered":"<p>Shimmer and shine in this gorgeous kimono dress with special Cut Out Details on the sleeves<\/p>\n<p>can be worn as a Maxi Dress or open as a Kimono<\/p>\n<p>one size<\/p>\n<div data-contents=\"true\">\n<div class=\"\" data-block=\"true\" data-editor=\"bavkr\" data-offset-key=\"61iio-0-0\">\n<div class=\"_1mf _1mj\" data-offset-key=\"61iio-0-0\"><span class=\"_3gl1 _5zz4\" data-offset-key=\"61iio-0-0\"><span class=\"_ncl\"><span data-offset-key=\"61iio-0-0\">\u2728<\/span><\/span><\/span><span class=\"_3gl1 _5zz4\" data-offset-key=\"61iio-1-0\"><span class=\"_ncl\"><span data-offset-key=\"61iio-1-0\">\u2728<\/span><\/span><\/span><span class=\"_3gl1 _5zz4\" data-offset-key=\"61iio-2-0\"><span class=\"_ncl\"><span data-offset-key=\"61iio-2-0\">\u2728<\/span><\/span><\/span><\/div>\n<\/div>\n<\/div>\n<p>Kann offen getragen werden oder l\u00e4sst sich durch ein Band schlie\u00dfen<\/p>\n<p>Einheitsgr\u00f6\u00dfe (tragbar bis xl)<\/p>\n<p>&nbsp;<\/p>\n<p>&#8212;&#8212;&#8212;&#8212;&#8212;&#8212;&#8212;&#8211;<\/p>\n<p>&nbsp;<\/p>\n","protected":false},"excerpt":{"rendered":"<p>Shimmer and shine in this gorgeous kimono dress with special Cut Out Details on the sleeves can be worn as a Maxi Dress or open as a Kimono one size \u2728\u2728\u2728 Kann offen getragen werden oder l\u00e4sst sich durch ein Band schlie\u00dfen Einheitsgr\u00f6\u00dfe (tragbar bis xl) &nbsp; &#8212;&#8212;&#8212;&#8212;&#8212;&#8212;&#8212;&#8211; &nbsp;<\/p>\n","protected":false},"featured_media":53163,"comment_status":"open","ping_status":"closed","template":"","meta":[],"product_cat":[1657,1659,137,1146,1223],"product_tag":[],"_links":{"self":[{"href":"https:\/\/mundo-creole.com\/en\/wp-json\/wp\/v2\/product\/28952"}],"collection":[{"href":"https:\/\/mundo-creole.com\/en\/wp-json\/wp\/v2\/product"}],"about":[{"href":"https:\/\/mundo-creole.com\/en\/wp-json\/wp\/v2\/types\/product"}],"replies":[{"embeddable":true,"href":"https:\/\/mundo-creole.com\/en\/wp-json\/wp\/v2\/comments?post=28952"}],"wp:featuredmedia":[{"embeddable":true,"href":"https:\/\/mundo-creole.com\/en\/wp-json\/wp\/v2\/media\/53163"}],"wp:attachment":[{"href":"https:\/\/mundo-creole.com\/en\/wp-json\/wp\/v2\/media?parent=28952"}],"wp:term":[{"taxonomy":"product_cat","embeddable":true,"href":"https:\/\/mundo-creole.com\/en\/wp-json\/wp\/v2\/product_cat?post=28952"},{"taxonomy":"product_tag","embeddable":true,"href":"https:\/\/mundo-creole.com\/en\/wp-json\/wp\/v2\/product_tag?post=28952"}],"curies":[{"name":"wp","href":"https:\/\/api.w.org\/{rel}","templated":true}]}}