{"id":29160,"date":"2020-06-10T12:29:47","date_gmt":"2020-06-10T10:29:47","guid":{"rendered":"https:\/\/mundo-creole.com\/shop\/uncategorized\/sundown-rose-kimono-dress-new"},"modified":"2021-06-08T11:37:37","modified_gmt":"2021-06-08T09:37:37","slug":"sundown-rose-kimono-dress-new","status":"publish","type":"product","link":"https:\/\/mundo-creole.com\/en\/shop\/womens-clothing-en\/dresses-en\/maxi-dresses-en\/sundown-rose-kimono-dress-new","title":{"rendered":"Sundown Paisley Kimono Dress NEW"},"content":{"rendered":"<p>Kimono Dress made of the softes Silk Fabric<\/p>\n<div data-contents=\"true\">\n<div class=\"\" data-block=\"true\" data-editor=\"bavkr\" data-offset-key=\"61iio-0-0\">\n<div class=\"_1mf _1mj\" data-offset-key=\"61iio-0-0\"><span class=\"_3gl1 _5zz4\" data-offset-key=\"61iio-0-0\"><span class=\"_ncl\"><span data-offset-key=\"61iio-0-0\">\u2728<\/span><\/span><\/span><span class=\"_3gl1 _5zz4\" data-offset-key=\"61iio-1-0\"><span class=\"_ncl\"><span data-offset-key=\"61iio-1-0\">\u2728<\/span><\/span><\/span><span class=\"_3gl1 _5zz4\" data-offset-key=\"61iio-2-0\"><span class=\"_ncl\"><span data-offset-key=\"61iio-2-0\">\u2728<\/span><\/span><\/span><\/div>\n<\/div>\n<\/div>\n<p>Kann offen getragen werden oder l\u00e4sst sich durch ein Band schlie\u00dfen und l\u00e4sst sich als wundersch\u00f6nes Kimono Kleid tragen.<\/p>\n<p>Einheitsgr\u00f6\u00dfe (tragbar bis xl)<\/p>\n<p>&#8212;&#8212;&#8212;&#8212;&#8212;&#8212;&#8212;&#8211;<\/p>\n<p>Bei Fragen zu dem Produkt schreibt mir gerne eine Nachrricht &lt;3<\/p>\n","protected":false},"excerpt":{"rendered":"<p>Kimono Dress made of the softes Silk Fabric \u2728\u2728\u2728 Kann offen getragen werden oder l\u00e4sst sich durch ein Band schlie\u00dfen und l\u00e4sst sich als wundersch\u00f6nes Kimono Kleid tragen. Einheitsgr\u00f6\u00dfe (tragbar bis xl) &#8212;&#8212;&#8212;&#8212;&#8212;&#8212;&#8212;&#8211; Bei Fragen zu dem Produkt schreibt mir gerne eine Nachrricht &lt;3<\/p>\n","protected":false},"featured_media":23177,"comment_status":"open","ping_status":"closed","template":"","meta":[],"product_cat":[1657,1659,137,1146,1223],"product_tag":[],"_links":{"self":[{"href":"https:\/\/mundo-creole.com\/en\/wp-json\/wp\/v2\/product\/29160"}],"collection":[{"href":"https:\/\/mundo-creole.com\/en\/wp-json\/wp\/v2\/product"}],"about":[{"href":"https:\/\/mundo-creole.com\/en\/wp-json\/wp\/v2\/types\/product"}],"replies":[{"embeddable":true,"href":"https:\/\/mundo-creole.com\/en\/wp-json\/wp\/v2\/comments?post=29160"}],"wp:featuredmedia":[{"embeddable":true,"href":"https:\/\/mundo-creole.com\/en\/wp-json\/wp\/v2\/media\/23177"}],"wp:attachment":[{"href":"https:\/\/mundo-creole.com\/en\/wp-json\/wp\/v2\/media?parent=29160"}],"wp:term":[{"taxonomy":"product_cat","embeddable":true,"href":"https:\/\/mundo-creole.com\/en\/wp-json\/wp\/v2\/product_cat?post=29160"},{"taxonomy":"product_tag","embeddable":true,"href":"https:\/\/mundo-creole.com\/en\/wp-json\/wp\/v2\/product_tag?post=29160"}],"curies":[{"name":"wp","href":"https:\/\/api.w.org\/{rel}","templated":true}]}}