{"id":29225,"date":"2020-05-07T09:13:33","date_gmt":"2020-05-07T07:13:33","guid":{"rendered":"https:\/\/mundo-creole.com\/shop\/uncategorized\/shiny-pailetten-anschana-set-wrap-skirt"},"modified":"2020-05-07T09:13:33","modified_gmt":"2020-05-07T07:13:33","slug":"shiny-pailetten-anschana-set-wrap-skirt","status":"publish","type":"product","link":"https:\/\/mundo-creole.com\/en\/shop\/womens-clothing-en\/dresses-en\/maxi-dresses-en\/shiny-pailetten-anschana-set-wrap-skirt","title":{"rendered":"Shiny Pailetten Anschana Set Wrap Skirt"},"content":{"rendered":"<p>Dieses wundersch\u00f6ne special SET kommt in einem Pailetten besticken Stoff-in liebe handgefertigt.<\/p>\n<p>Femine und flie\u00dfend<\/p>\n<p><strong>Wrap Skirt<br \/>\n<\/strong><\/p>\n<p>&nbsp;<\/p>\n<p><strong>TOP<\/strong><br \/>\nDas Top l\u00e4sst sich in verschiedenen styles binden und passt sich perfekt deiner K\u00f6rperform an.<\/p>\n<p>&nbsp;<\/p>\n<p>SET &#8220;Anschana&#8221; (Queen) \u2764<br \/>\nA Set that will definetly turn heads\u00a0 \u2764The Anschana Set comes with 2 pieces, so you can mix and match-that shows you know what you&#8217;re doing.<\/p>\n<p>Material &#8211; I have no words to describe this amazing fabric in this beautiful soft agua color \u2764<br \/>\nI have found this amazing fabric and made a few Sets out of it! Perfect fabric- you have to see it for yourself &lt;3 \ud83d\ude42 #soinlove<\/p>\n<p>&nbsp;<\/p>\n<p>&nbsp;<\/p>\n<p>&nbsp;<\/p>\n<p>&nbsp;<\/p>\n<p>&nbsp;<\/p>\n<p>&nbsp;<\/p>\n<p>&nbsp;<\/p>\n","protected":false},"excerpt":{"rendered":"<p>Dieses wundersch\u00f6ne special SET kommt in einem Pailetten besticken Stoff-in liebe handgefertigt. Femine und flie\u00dfend Wrap Skirt &nbsp; TOP Das Top l\u00e4sst sich in verschiedenen styles binden und passt sich perfekt deiner K\u00f6rperform an. &nbsp; SET &#8220;Anschana&#8221; (Queen) \u2764 A Set that will definetly turn heads\u00a0 \u2764The Anschana Set comes with 2 pieces, so you [&hellip;]<\/p>\n","protected":false},"featured_media":20435,"comment_status":"closed","ping_status":"closed","template":"","meta":[],"product_cat":[1652,1657,1659,1661,137,1148,78,79],"product_tag":[],"_links":{"self":[{"href":"https:\/\/mundo-creole.com\/en\/wp-json\/wp\/v2\/product\/29225"}],"collection":[{"href":"https:\/\/mundo-creole.com\/en\/wp-json\/wp\/v2\/product"}],"about":[{"href":"https:\/\/mundo-creole.com\/en\/wp-json\/wp\/v2\/types\/product"}],"replies":[{"embeddable":true,"href":"https:\/\/mundo-creole.com\/en\/wp-json\/wp\/v2\/comments?post=29225"}],"wp:featuredmedia":[{"embeddable":true,"href":"https:\/\/mundo-creole.com\/en\/wp-json\/wp\/v2\/media\/20435"}],"wp:attachment":[{"href":"https:\/\/mundo-creole.com\/en\/wp-json\/wp\/v2\/media?parent=29225"}],"wp:term":[{"taxonomy":"product_cat","embeddable":true,"href":"https:\/\/mundo-creole.com\/en\/wp-json\/wp\/v2\/product_cat?post=29225"},{"taxonomy":"product_tag","embeddable":true,"href":"https:\/\/mundo-creole.com\/en\/wp-json\/wp\/v2\/product_tag?post=29225"}],"curies":[{"name":"wp","href":"https:\/\/api.w.org\/{rel}","templated":true}]}}