{"id":29234,"date":"2020-05-06T19:15:22","date_gmt":"2020-05-06T17:15:22","guid":{"rendered":"https:\/\/mundo-creole.com\/shop\/uncategorized\/ewa-rayon-summer-dress-short"},"modified":"2020-05-06T19:15:22","modified_gmt":"2020-05-06T17:15:22","slug":"ewa-rayon-summer-dress-short","status":"publish","type":"product","link":"https:\/\/mundo-creole.com\/en\/shop\/womens-clothing-en\/dresses-en\/midi-dresses-en\/ewa-rayon-summer-dress-short","title":{"rendered":"Ewa Rayon Summer Dress\/Short"},"content":{"rendered":"<p>Asymmetrical short dress back open.<br \/>\n&#8212;&#8212;&#8212;&#8212;<\/p>\n<p>Asymmetrisches Kleid mit sch\u00f6nem R\u00fcckenausschnitt aus leichter Baumwolle. Perfekt f\u00fcr den Sommer &lt;3<\/p>\n<p>&nbsp;<\/p>\n<p>Love this one &lt;3<\/p>\n<p>&nbsp;<\/p>\n<p>&nbsp;<\/p>\n","protected":false},"excerpt":{"rendered":"<p>Asymmetrical short dress back open. &#8212;&#8212;&#8212;&#8212; Asymmetrisches Kleid mit sch\u00f6nem R\u00fcckenausschnitt aus leichter Baumwolle. Perfekt f\u00fcr den Sommer &lt;3 &nbsp; Love this one &lt;3 &nbsp; &nbsp;<\/p>\n","protected":false},"featured_media":20388,"comment_status":"open","ping_status":"closed","template":"","meta":[],"product_cat":[1657,1660,137],"product_tag":[],"_links":{"self":[{"href":"https:\/\/mundo-creole.com\/en\/wp-json\/wp\/v2\/product\/29234"}],"collection":[{"href":"https:\/\/mundo-creole.com\/en\/wp-json\/wp\/v2\/product"}],"about":[{"href":"https:\/\/mundo-creole.com\/en\/wp-json\/wp\/v2\/types\/product"}],"replies":[{"embeddable":true,"href":"https:\/\/mundo-creole.com\/en\/wp-json\/wp\/v2\/comments?post=29234"}],"wp:featuredmedia":[{"embeddable":true,"href":"https:\/\/mundo-creole.com\/en\/wp-json\/wp\/v2\/media\/20388"}],"wp:attachment":[{"href":"https:\/\/mundo-creole.com\/en\/wp-json\/wp\/v2\/media?parent=29234"}],"wp:term":[{"taxonomy":"product_cat","embeddable":true,"href":"https:\/\/mundo-creole.com\/en\/wp-json\/wp\/v2\/product_cat?post=29234"},{"taxonomy":"product_tag","embeddable":true,"href":"https:\/\/mundo-creole.com\/en\/wp-json\/wp\/v2\/product_tag?post=29234"}],"curies":[{"name":"wp","href":"https:\/\/api.w.org\/{rel}","templated":true}]}}