{"id":29313,"date":"2020-03-24T15:02:47","date_gmt":"2020-03-24T14:02:47","guid":{"rendered":"https:\/\/mundo-creole.com\/shop\/uncategorized\/ready-to-escape-moscrep-set-3"},"modified":"2023-12-18T17:39:12","modified_gmt":"2023-12-18T16:39:12","slug":"ready-to-escape-moscrep-set-3","status":"publish","type":"product","link":"https:\/\/mundo-creole.com\/en\/shop\/womens-clothing-en\/dresses-en\/maxi-dresses-en\/ready-to-escape-moscrep-set-3","title":{"rendered":"Ready To Escape Moscrep Set Black and Oliv"},"content":{"rendered":"<p>Wundersch\u00f6nes Set aus wundersch\u00f6nem leichten Moscrep- PERFEKT f\u00fcr die warmen Tage &lt;3<\/p>\n<p>&nbsp;<\/p>\n<p>zuhaben in den Gr\u00f6\u00dfen S\/m und M\/L<br \/>\nin den Farben schwarz und Oliv<\/p>\n<p>-weitere Bilder findet ihr im shop unter&#8212;&gt; SETS<\/p>\n<p><strong>Hose<\/strong><\/p>\n<p>-weit ausgestelltes Bein<br \/>\n-Seitentaschen<br \/>\n-Rei\u00dfverschluss<\/p>\n<p><strong>TOP<\/strong><br \/>\nDas WickelTop l\u00e4sst sich in verschiedenen styles binden und passt sich perfekt deiner K\u00f6rperform an.<\/p>\n<p>&nbsp;<\/p>\n<p>&nbsp;<\/p>\n<p>&nbsp;<\/p>\n<p>&nbsp;<\/p>\n","protected":false},"excerpt":{"rendered":"<p>Wundersch\u00f6nes Set aus wundersch\u00f6nem leichten Moscrep- PERFEKT f\u00fcr die warmen Tage &lt;3 &nbsp; zuhaben in den Gr\u00f6\u00dfen S\/m und M\/L in den Farben schwarz und Oliv -weitere Bilder findet ihr im shop unter&#8212;&gt; SETS Hose -weit ausgestelltes Bein -Seitentaschen -Rei\u00dfverschluss TOP Das WickelTop l\u00e4sst sich in verschiedenen styles binden und passt sich perfekt deiner K\u00f6rperform [&hellip;]<\/p>\n","protected":false},"featured_media":17989,"comment_status":"closed","ping_status":"closed","template":"","meta":[],"product_cat":[1652,1657,1659,1661,137,1148,78,79],"product_tag":[],"_links":{"self":[{"href":"https:\/\/mundo-creole.com\/en\/wp-json\/wp\/v2\/product\/29313"}],"collection":[{"href":"https:\/\/mundo-creole.com\/en\/wp-json\/wp\/v2\/product"}],"about":[{"href":"https:\/\/mundo-creole.com\/en\/wp-json\/wp\/v2\/types\/product"}],"replies":[{"embeddable":true,"href":"https:\/\/mundo-creole.com\/en\/wp-json\/wp\/v2\/comments?post=29313"}],"wp:featuredmedia":[{"embeddable":true,"href":"https:\/\/mundo-creole.com\/en\/wp-json\/wp\/v2\/media\/17989"}],"wp:attachment":[{"href":"https:\/\/mundo-creole.com\/en\/wp-json\/wp\/v2\/media?parent=29313"}],"wp:term":[{"taxonomy":"product_cat","embeddable":true,"href":"https:\/\/mundo-creole.com\/en\/wp-json\/wp\/v2\/product_cat?post=29313"},{"taxonomy":"product_tag","embeddable":true,"href":"https:\/\/mundo-creole.com\/en\/wp-json\/wp\/v2\/product_tag?post=29313"}],"curies":[{"name":"wp","href":"https:\/\/api.w.org\/{rel}","templated":true}]}}