{"id":29346,"date":"2020-03-12T18:23:44","date_gmt":"2020-03-12T17:23:44","guid":{"rendered":"https:\/\/mundo-creole.com\/shop\/uncategorized\/creolen-tuerkis-gemstone"},"modified":"2020-03-12T18:23:44","modified_gmt":"2020-03-12T17:23:44","slug":"creolen-tuerkis-gemstone","status":"publish","type":"product","link":"https:\/\/mundo-creole.com\/en\/shop\/jewelry\/earrings\/creolen-tuerkis-gemstone","title":{"rendered":"Creolen T\u00fcrkis Gemstone"},"content":{"rendered":"<p>wundersch\u00f6ne Creolen mit eingefasstem T\u00fcrkis<\/p>\n<p>&nbsp;<\/p>\n<p>&nbsp;<\/p>\n","protected":false},"excerpt":{"rendered":"<p>wundersch\u00f6ne Creolen mit eingefasstem T\u00fcrkis &nbsp; &nbsp;<\/p>\n","protected":false},"featured_media":16624,"comment_status":"open","ping_status":"closed","template":"","meta":[],"product_cat":[144,147,1662,135],"product_tag":[],"_links":{"self":[{"href":"https:\/\/mundo-creole.com\/en\/wp-json\/wp\/v2\/product\/29346"}],"collection":[{"href":"https:\/\/mundo-creole.com\/en\/wp-json\/wp\/v2\/product"}],"about":[{"href":"https:\/\/mundo-creole.com\/en\/wp-json\/wp\/v2\/types\/product"}],"replies":[{"embeddable":true,"href":"https:\/\/mundo-creole.com\/en\/wp-json\/wp\/v2\/comments?post=29346"}],"wp:featuredmedia":[{"embeddable":true,"href":"https:\/\/mundo-creole.com\/en\/wp-json\/wp\/v2\/media\/16624"}],"wp:attachment":[{"href":"https:\/\/mundo-creole.com\/en\/wp-json\/wp\/v2\/media?parent=29346"}],"wp:term":[{"taxonomy":"product_cat","embeddable":true,"href":"https:\/\/mundo-creole.com\/en\/wp-json\/wp\/v2\/product_cat?post=29346"},{"taxonomy":"product_tag","embeddable":true,"href":"https:\/\/mundo-creole.com\/en\/wp-json\/wp\/v2\/product_tag?post=29346"}],"curies":[{"name":"wp","href":"https:\/\/api.w.org\/{rel}","templated":true}]}}