{"id":29393,"date":"2020-03-06T12:46:09","date_gmt":"2020-03-06T11:46:09","guid":{"rendered":"https:\/\/mundo-creole.com\/shop\/uncategorized\/the-all-you-need-jumpsuit-summervibes"},"modified":"2020-03-06T12:46:09","modified_gmt":"2020-03-06T11:46:09","slug":"the-all-you-need-jumpsuit-summervibes","status":"publish","type":"product","link":"https:\/\/mundo-creole.com\/en\/shop\/womens-clothing-en\/jumpsuits-en\/long-jumpsuits\/the-all-you-need-jumpsuit-summervibes","title":{"rendered":"The All You Need Jumpsuit #summervibes"},"content":{"rendered":"<p>The All You Need Oversized Jumpsuit\u2764<\/p>\n<p>Wundersch\u00f6ner Jumpsuit mit weitem Bein- mein absolutes Lieblingsteil! &lt;3 Der Jumpsuit l\u00e4sst sich auch toll mit einem G\u00fcrtel tragen<span class=\"_3gl1 _5zz4\" data-offset-key=\"76g0h-0-0\"><span class=\"_ncl\"><span data-offset-key=\"76g0h-0-0\">\ud83d\ude0d<\/span><\/span><\/span><\/p>\n<p>&nbsp;<\/p>\n<p>Super soft and oversized jumpsuit featuring extreme wide legs and an open back.<br \/>\nV-neckline<br \/>\nLightweight and easy fabric.<\/p>\n<p>Effortless seaside designs for a laidback, throw-on-and-go approach to dressing.LOVE \u2764<\/p>\n<p>available in 4 colors-check more pictures&#8211;&gt;Jumpsuits<\/p>\n","protected":false},"excerpt":{"rendered":"<p>The All You Need Oversized Jumpsuit\u2764 Wundersch\u00f6ner Jumpsuit mit weitem Bein- mein absolutes Lieblingsteil! &lt;3 Der Jumpsuit l\u00e4sst sich auch toll mit einem G\u00fcrtel tragen\ud83d\ude0d &nbsp; Super soft and oversized jumpsuit featuring extreme wide legs and an open back. V-neckline Lightweight and easy fabric. Effortless seaside designs for a laidback, throw-on-and-go approach to dressing.LOVE \u2764 [&hellip;]<\/p>\n","protected":false},"featured_media":15705,"comment_status":"open","ping_status":"closed","template":"","meta":[],"product_cat":[1652,1657,137,72,74],"product_tag":[],"_links":{"self":[{"href":"https:\/\/mundo-creole.com\/en\/wp-json\/wp\/v2\/product\/29393"}],"collection":[{"href":"https:\/\/mundo-creole.com\/en\/wp-json\/wp\/v2\/product"}],"about":[{"href":"https:\/\/mundo-creole.com\/en\/wp-json\/wp\/v2\/types\/product"}],"replies":[{"embeddable":true,"href":"https:\/\/mundo-creole.com\/en\/wp-json\/wp\/v2\/comments?post=29393"}],"wp:featuredmedia":[{"embeddable":true,"href":"https:\/\/mundo-creole.com\/en\/wp-json\/wp\/v2\/media\/15705"}],"wp:attachment":[{"href":"https:\/\/mundo-creole.com\/en\/wp-json\/wp\/v2\/media?parent=29393"}],"wp:term":[{"taxonomy":"product_cat","embeddable":true,"href":"https:\/\/mundo-creole.com\/en\/wp-json\/wp\/v2\/product_cat?post=29393"},{"taxonomy":"product_tag","embeddable":true,"href":"https:\/\/mundo-creole.com\/en\/wp-json\/wp\/v2\/product_tag?post=29393"}],"curies":[{"name":"wp","href":"https:\/\/api.w.org\/{rel}","templated":true}]}}