{"id":29557,"date":"2020-08-17T09:48:15","date_gmt":"2020-08-17T07:48:15","guid":{"rendered":"https:\/\/mundo-creole.com\/shop\/uncategorized\/wrap-midi-dress-shiny-high-to-low-dress-2"},"modified":"2020-08-17T09:48:15","modified_gmt":"2020-08-17T07:48:15","slug":"wrap-midi-dress-shiny-high-to-low-dress-2","status":"publish","type":"product","link":"https:\/\/mundo-creole.com\/en\/shop\/womens-clothing-en\/dresses-en\/maxi-dresses-en\/wrap-midi-dress-shiny-high-to-low-dress-2","title":{"rendered":"Wrap Midi Dress Shiny \/ High to low Dress"},"content":{"rendered":"<p>Wundersch\u00f6nes Midi Kleid Wickelkleid\u2764 \u2764\u2764\u2764<br \/>\n-High to low Dress<\/p>\n<p>-l\u00e4sst sich durch zwei b\u00e4nder perfekt an die K\u00f6rperform anpassen.<br \/>\n-V- ausschnitt<br \/>\n-Wrap Dress<\/p>\n<p>Info- Kleid kann auch offen als Cardigan getragen werden #wow\u2764<\/p>\n","protected":false},"excerpt":{"rendered":"<p>Wundersch\u00f6nes Midi Kleid Wickelkleid\u2764 \u2764\u2764\u2764 -High to low Dress -l\u00e4sst sich durch zwei b\u00e4nder perfekt an die K\u00f6rperform anpassen. -V- ausschnitt -Wrap Dress Info- Kleid kann auch offen als Cardigan getragen werden #wow\u2764<\/p>\n","protected":false},"featured_media":6734,"comment_status":"open","ping_status":"closed","template":"","meta":[],"product_cat":[1657,1659,1660,137,1146,1223],"product_tag":[],"_links":{"self":[{"href":"https:\/\/mundo-creole.com\/en\/wp-json\/wp\/v2\/product\/29557"}],"collection":[{"href":"https:\/\/mundo-creole.com\/en\/wp-json\/wp\/v2\/product"}],"about":[{"href":"https:\/\/mundo-creole.com\/en\/wp-json\/wp\/v2\/types\/product"}],"replies":[{"embeddable":true,"href":"https:\/\/mundo-creole.com\/en\/wp-json\/wp\/v2\/comments?post=29557"}],"wp:featuredmedia":[{"embeddable":true,"href":"https:\/\/mundo-creole.com\/en\/wp-json\/wp\/v2\/media\/6734"}],"wp:attachment":[{"href":"https:\/\/mundo-creole.com\/en\/wp-json\/wp\/v2\/media?parent=29557"}],"wp:term":[{"taxonomy":"product_cat","embeddable":true,"href":"https:\/\/mundo-creole.com\/en\/wp-json\/wp\/v2\/product_cat?post=29557"},{"taxonomy":"product_tag","embeddable":true,"href":"https:\/\/mundo-creole.com\/en\/wp-json\/wp\/v2\/product_tag?post=29557"}],"curies":[{"name":"wp","href":"https:\/\/api.w.org\/{rel}","templated":true}]}}