{"id":29562,"date":"2020-04-02T22:50:11","date_gmt":"2020-04-02T20:50:11","guid":{"rendered":"https:\/\/mundo-creole.com\/shop\/uncategorized\/duffle-bag-paisley-love"},"modified":"2020-04-02T22:50:11","modified_gmt":"2020-04-02T20:50:11","slug":"duffle-bag-paisley-love","status":"publish","type":"product","link":"https:\/\/mundo-creole.com\/en\/shop\/accessories\/bags\/duffle-bag-paisley-love","title":{"rendered":"Duffle Bag Paisley #love"},"content":{"rendered":"<p>wundersch\u00f6ner Tasche #Upcycled Leder und Seide \u2764<\/p>\n<p>Mit ganz vielen Details in Liebe Handgefertigt &lt;3<\/p>\n<p>2 Innentasche- eine mit Rei\u00dfverschluss<br \/>\n-Rei\u00dfverschluss<\/p>\n<p>im innenteil der gleiche Stoff wie au\u00dfen.<\/p>\n<p>Bei Fragen zu dem Produkt freu ich mich von euch zulesen.<br \/>\n\ud83d\ude42<\/p>\n","protected":false},"excerpt":{"rendered":"<p>wundersch\u00f6ner Tasche #Upcycled Leder und Seide \u2764 Mit ganz vielen Details in Liebe Handgefertigt &lt;3 2 Innentasche- eine mit Rei\u00dfverschluss -Rei\u00dfverschluss im innenteil der gleiche Stoff wie au\u00dfen. Bei Fragen zu dem Produkt freu ich mich von euch zulesen. \ud83d\ude42<\/p>\n","protected":false},"featured_media":57904,"comment_status":"closed","ping_status":"closed","template":"","meta":[],"product_cat":[128],"product_tag":[],"_links":{"self":[{"href":"https:\/\/mundo-creole.com\/en\/wp-json\/wp\/v2\/product\/29562"}],"collection":[{"href":"https:\/\/mundo-creole.com\/en\/wp-json\/wp\/v2\/product"}],"about":[{"href":"https:\/\/mundo-creole.com\/en\/wp-json\/wp\/v2\/types\/product"}],"replies":[{"embeddable":true,"href":"https:\/\/mundo-creole.com\/en\/wp-json\/wp\/v2\/comments?post=29562"}],"wp:featuredmedia":[{"embeddable":true,"href":"https:\/\/mundo-creole.com\/en\/wp-json\/wp\/v2\/media\/57904"}],"wp:attachment":[{"href":"https:\/\/mundo-creole.com\/en\/wp-json\/wp\/v2\/media?parent=29562"}],"wp:term":[{"taxonomy":"product_cat","embeddable":true,"href":"https:\/\/mundo-creole.com\/en\/wp-json\/wp\/v2\/product_cat?post=29562"},{"taxonomy":"product_tag","embeddable":true,"href":"https:\/\/mundo-creole.com\/en\/wp-json\/wp\/v2\/product_tag?post=29562"}],"curies":[{"name":"wp","href":"https:\/\/api.w.org\/{rel}","templated":true}]}}