{"id":29577,"date":"2020-03-05T18:40:13","date_gmt":"2020-03-05T17:40:13","guid":{"rendered":"https:\/\/mundo-creole.com\/shop\/uncategorized\/maxi-dress-bohemian-summer-3"},"modified":"2020-03-05T18:40:13","modified_gmt":"2020-03-05T17:40:13","slug":"maxi-dress-bohemian-summer-3","status":"publish","type":"product","link":"https:\/\/mundo-creole.com\/en\/shop\/womens-clothing-en\/dresses-en\/maxi-dresses-en\/maxi-dress-bohemian-summer-3","title":{"rendered":"Maxi Dress Bohemian Summer"},"content":{"rendered":"<p>Fliessend &amp; verspielt..<br \/>\nWundersch\u00f6nes fliessendes langes Kleid mit leicht offenem R\u00fccken ein \u00b4Must Have` f\u00fcr den Sommer.<br \/>\nDas Kleid l\u00e4sst sich super kombinieren, trage das Kleid mit einem sch\u00f6nen G\u00fcrtel ,sch\u00f6nen Accessoires und zaubere das perfekte Outfit f\u00fcr jeden Anlass f\u00fcr ein Spaziergang in der Stadt, am Strand oder an einem besonderen Abend.<\/p>\n<p>L\u00e4nge l\u00e4sst sich an den Tr\u00e4gern regulieren.<\/p>\n<p>Ein wundersch\u00f6nes feminines Kleid mit dem sich tr\u00e4umen l\u00e4sst\u2026.;)<\/p>\n<p>-einstellbare Tr\u00e4ger<br \/>\n-offenes Bein-beidseitig<br \/>\n-weiche luftige Bamboo Baumwolle<br \/>\n-extra lang<\/p>\n","protected":false},"excerpt":{"rendered":"<p>Fliessend &amp; verspielt.. Wundersch\u00f6nes fliessendes langes Kleid mit leicht offenem R\u00fccken ein \u00b4Must Have` f\u00fcr den Sommer. Das Kleid l\u00e4sst sich super kombinieren, trage das Kleid mit einem sch\u00f6nen G\u00fcrtel ,sch\u00f6nen Accessoires und zaubere das perfekte Outfit f\u00fcr jeden Anlass f\u00fcr ein Spaziergang in der Stadt, am Strand oder an einem besonderen Abend. L\u00e4nge l\u00e4sst [&hellip;]<\/p>\n","protected":false},"featured_media":14996,"comment_status":"open","ping_status":"closed","template":"","meta":[],"product_cat":[1657,1659,137],"product_tag":[],"_links":{"self":[{"href":"https:\/\/mundo-creole.com\/en\/wp-json\/wp\/v2\/product\/29577"}],"collection":[{"href":"https:\/\/mundo-creole.com\/en\/wp-json\/wp\/v2\/product"}],"about":[{"href":"https:\/\/mundo-creole.com\/en\/wp-json\/wp\/v2\/types\/product"}],"replies":[{"embeddable":true,"href":"https:\/\/mundo-creole.com\/en\/wp-json\/wp\/v2\/comments?post=29577"}],"wp:featuredmedia":[{"embeddable":true,"href":"https:\/\/mundo-creole.com\/en\/wp-json\/wp\/v2\/media\/14996"}],"wp:attachment":[{"href":"https:\/\/mundo-creole.com\/en\/wp-json\/wp\/v2\/media?parent=29577"}],"wp:term":[{"taxonomy":"product_cat","embeddable":true,"href":"https:\/\/mundo-creole.com\/en\/wp-json\/wp\/v2\/product_cat?post=29577"},{"taxonomy":"product_tag","embeddable":true,"href":"https:\/\/mundo-creole.com\/en\/wp-json\/wp\/v2\/product_tag?post=29577"}],"curies":[{"name":"wp","href":"https:\/\/api.w.org\/{rel}","templated":true}]}}