{"id":29932,"date":"2020-02-07T11:50:45","date_gmt":"2020-02-07T10:50:45","guid":{"rendered":"https:\/\/mundo-creole.com\/shop\/uncategorized\/boho-rock-ikat-print-handstiched-2"},"modified":"2020-02-07T11:50:45","modified_gmt":"2020-02-07T10:50:45","slug":"boho-rock-ikat-print-handstiched-2","status":"publish","type":"product","link":"https:\/\/mundo-creole.com\/en\/shop\/womens-clothing-en\/skirts\/short-skirts\/boho-rock-ikat-print-handstiched-2","title":{"rendered":"Boho Rock\/Ikat Print\/Handstiched"},"content":{"rendered":"<p>wundersch\u00f6ner Rock im Boho Tribal Look aus festem Stoff *one of a kind*<br \/>\n-mit Rei\u00dfverschluss<\/p>\n<p>&#8212;auch wunderbar \u00fcber einer Leggings tragbar&#8212;<\/p>\n<p>zuhaben in den gr\u00f6\u00dfen s\/m und m\/L<\/p>\n","protected":false},"excerpt":{"rendered":"<p>wundersch\u00f6ner Rock im Boho Tribal Look aus festem Stoff *one of a kind* -mit Rei\u00dfverschluss &#8212;auch wunderbar \u00fcber einer Leggings tragbar&#8212; zuhaben in den gr\u00f6\u00dfen s\/m und m\/L<\/p>\n","protected":false},"featured_media":11771,"comment_status":"open","ping_status":"closed","template":"","meta":[],"product_cat":[139,87,88],"product_tag":[],"_links":{"self":[{"href":"https:\/\/mundo-creole.com\/en\/wp-json\/wp\/v2\/product\/29932"}],"collection":[{"href":"https:\/\/mundo-creole.com\/en\/wp-json\/wp\/v2\/product"}],"about":[{"href":"https:\/\/mundo-creole.com\/en\/wp-json\/wp\/v2\/types\/product"}],"replies":[{"embeddable":true,"href":"https:\/\/mundo-creole.com\/en\/wp-json\/wp\/v2\/comments?post=29932"}],"wp:featuredmedia":[{"embeddable":true,"href":"https:\/\/mundo-creole.com\/en\/wp-json\/wp\/v2\/media\/11771"}],"wp:attachment":[{"href":"https:\/\/mundo-creole.com\/en\/wp-json\/wp\/v2\/media?parent=29932"}],"wp:term":[{"taxonomy":"product_cat","embeddable":true,"href":"https:\/\/mundo-creole.com\/en\/wp-json\/wp\/v2\/product_cat?post=29932"},{"taxonomy":"product_tag","embeddable":true,"href":"https:\/\/mundo-creole.com\/en\/wp-json\/wp\/v2\/product_tag?post=29932"}],"curies":[{"name":"wp","href":"https:\/\/api.w.org\/{rel}","templated":true}]}}