{"id":29948,"date":"2020-02-06T13:59:57","date_gmt":"2020-02-06T12:59:57","guid":{"rendered":"https:\/\/mundo-creole.com\/shop\/uncategorized\/tiara-kimono-shiny-blue-silk"},"modified":"2020-02-06T13:59:57","modified_gmt":"2020-02-06T12:59:57","slug":"tiara-kimono-shiny-blue-silk","status":"publish","type":"product","link":"https:\/\/mundo-creole.com\/en\/shop\/womens-clothing-en\/kimonos-en\/tunics-kimonos\/tiara-kimono-shiny-blue-silk","title":{"rendered":"Tiara Kimono Shiny Blue Silk"},"content":{"rendered":"<p>Wundersch\u00f6ner Kaftan Dress- der perfekte Begleiter &lt;3<br \/>\nKann offen getragen werden oder l\u00e4sst sich durch eine Band schliessen und kann als Kleid getragen werden.<\/p>\n<p>&nbsp;<\/p>\n<p>Einheitsgr\u00f6\u00dfe (tragbar bis xl)<\/p>\n<p>&#8212;&#8212;&#8212;&#8212;&#8212;&#8212;&#8212;&#8211;<\/p>\n<div data-contents=\"true\">\n<div class=\"\" data-block=\"true\" data-editor=\"bavkr\" data-offset-key=\"61iio-0-0\">\n<div class=\"_1mf _1mj\" data-offset-key=\"61iio-0-0\"><span class=\"_3gl1 _5zz4\" data-offset-key=\"61iio-0-0\"><span class=\"_ncl\"><span data-offset-key=\"61iio-0-0\">\u2728<\/span><\/span><\/span><span class=\"_3gl1 _5zz4\" data-offset-key=\"61iio-1-0\"><span class=\"_ncl\"><span data-offset-key=\"61iio-1-0\">\u2728<\/span><\/span><\/span><span class=\"_3gl1 _5zz4\" data-offset-key=\"61iio-2-0\"><span class=\"_ncl\"><span data-offset-key=\"61iio-2-0\">\u2728<\/span><\/span><\/span><\/div>\n<\/div>\n<\/div>\n<p>&nbsp;<\/p>\n","protected":false},"excerpt":{"rendered":"<p>Wundersch\u00f6ner Kaftan Dress- der perfekte Begleiter &lt;3 Kann offen getragen werden oder l\u00e4sst sich durch eine Band schliessen und kann als Kleid getragen werden. &nbsp; Einheitsgr\u00f6\u00dfe (tragbar bis xl) &#8212;&#8212;&#8212;&#8212;&#8212;&#8212;&#8212;&#8211; \u2728\u2728\u2728 &nbsp;<\/p>\n","protected":false},"featured_media":11692,"comment_status":"open","ping_status":"closed","template":"","meta":[],"product_cat":[137,1146,1223],"product_tag":[],"_links":{"self":[{"href":"https:\/\/mundo-creole.com\/en\/wp-json\/wp\/v2\/product\/29948"}],"collection":[{"href":"https:\/\/mundo-creole.com\/en\/wp-json\/wp\/v2\/product"}],"about":[{"href":"https:\/\/mundo-creole.com\/en\/wp-json\/wp\/v2\/types\/product"}],"replies":[{"embeddable":true,"href":"https:\/\/mundo-creole.com\/en\/wp-json\/wp\/v2\/comments?post=29948"}],"wp:featuredmedia":[{"embeddable":true,"href":"https:\/\/mundo-creole.com\/en\/wp-json\/wp\/v2\/media\/11692"}],"wp:attachment":[{"href":"https:\/\/mundo-creole.com\/en\/wp-json\/wp\/v2\/media?parent=29948"}],"wp:term":[{"taxonomy":"product_cat","embeddable":true,"href":"https:\/\/mundo-creole.com\/en\/wp-json\/wp\/v2\/product_cat?post=29948"},{"taxonomy":"product_tag","embeddable":true,"href":"https:\/\/mundo-creole.com\/en\/wp-json\/wp\/v2\/product_tag?post=29948"}],"curies":[{"name":"wp","href":"https:\/\/api.w.org\/{rel}","templated":true}]}}