{"id":29959,"date":"2020-01-30T18:35:26","date_gmt":"2020-01-30T17:35:26","guid":{"rendered":"https:\/\/mundo-creole.com\/shop\/uncategorized\/the-throw-on-and-go-hoodie-jacke-2"},"modified":"2020-01-30T18:35:26","modified_gmt":"2020-01-30T17:35:26","slug":"the-throw-on-and-go-hoodie-jacke-2","status":"publish","type":"product","link":"https:\/\/mundo-creole.com\/en\/shop\/unkategorisiert\/the-throw-on-and-go-hoodie-jacke-2","title":{"rendered":"The Throw-On-And-Go Hoodie Jacke"},"content":{"rendered":"<p><span class=\"_5mfr\"><span class=\"_6qdm\">\u2728<\/span><\/span>The perks of being a clothing designer are just creating what i feel like to wear#loveit <span class=\"_47e3 _5mfr\" title=\"\u201esmile\u201c-Emoticon\"><span class=\"_7oe\" aria-hidden=\"true\">\ud83d\ude42<\/span><\/span> <span class=\"_5mfr\"><span class=\"_6qdm\">\ud83d\ude4f<\/span><\/span><br \/>\nThe Throw-On-And-Go Hoodie Jacket with extra big size hood,thumb holes and pockets!\u00a0 <span class=\"_5mfr\"><span class=\"_6qdm\">\ud83d\udc9a<\/span><\/span><\/p>\n<p>also available in Black <span class=\"_5mfr\"><span class=\"_6qdm\">\ud83d\udc49<\/span><\/span>100%organic cotton<\/p>\n<p>&nbsp;<\/p>\n<p>Wundersch\u00f6ne gem\u00fctliche lange Oversize Hoodie Jacke mit vielen Details<\/p>\n<p>-Stripes<\/p>\n<p>-Rei\u00dfverschluss<\/p>\n<p>-Daumenl\u00f6cher<br \/>\n-extra gro\u00dfer Hood<\/p>\n<p>&nbsp;<\/p>\n","protected":false},"excerpt":{"rendered":"<p>\u2728The perks of being a clothing designer are just creating what i feel like to wear#loveit \ud83d\ude42 \ud83d\ude4f The Throw-On-And-Go Hoodie Jacket with extra big size hood,thumb holes and pockets!\u00a0 \ud83d\udc9a also available in Black \ud83d\udc49100%organic cotton &nbsp; Wundersch\u00f6ne gem\u00fctliche lange Oversize Hoodie Jacke mit vielen Details -Stripes -Rei\u00dfverschluss -Daumenl\u00f6cher -extra gro\u00dfer Hood &nbsp;<\/p>\n","protected":false},"featured_media":35727,"comment_status":"open","ping_status":"closed","template":"","meta":[],"product_cat":[15],"product_tag":[],"_links":{"self":[{"href":"https:\/\/mundo-creole.com\/en\/wp-json\/wp\/v2\/product\/29959"}],"collection":[{"href":"https:\/\/mundo-creole.com\/en\/wp-json\/wp\/v2\/product"}],"about":[{"href":"https:\/\/mundo-creole.com\/en\/wp-json\/wp\/v2\/types\/product"}],"replies":[{"embeddable":true,"href":"https:\/\/mundo-creole.com\/en\/wp-json\/wp\/v2\/comments?post=29959"}],"wp:featuredmedia":[{"embeddable":true,"href":"https:\/\/mundo-creole.com\/en\/wp-json\/wp\/v2\/media\/35727"}],"wp:attachment":[{"href":"https:\/\/mundo-creole.com\/en\/wp-json\/wp\/v2\/media?parent=29959"}],"wp:term":[{"taxonomy":"product_cat","embeddable":true,"href":"https:\/\/mundo-creole.com\/en\/wp-json\/wp\/v2\/product_cat?post=29959"},{"taxonomy":"product_tag","embeddable":true,"href":"https:\/\/mundo-creole.com\/en\/wp-json\/wp\/v2\/product_tag?post=29959"}],"curies":[{"name":"wp","href":"https:\/\/api.w.org\/{rel}","templated":true}]}}