{"id":29967,"date":"2020-01-30T16:28:36","date_gmt":"2020-01-30T15:28:36","guid":{"rendered":"https:\/\/mundo-creole.com\/shop\/uncategorized\/kimono-vest-with-belt"},"modified":"2020-01-30T16:28:36","modified_gmt":"2020-01-30T15:28:36","slug":"kimono-vest-with-belt","status":"publish","type":"product","link":"https:\/\/mundo-creole.com\/en\/shop\/womens-clothing-en\/jackets\/between-the-season-en\/kimono-vest-with-belt","title":{"rendered":"KIMONO Vest with Belt"},"content":{"rendered":"<p>Kuscheliger Kimono mit G\u00fcrtel<br \/>\nin wundersch\u00f6nem Aztek \/Inka Print \u2764\u2764<\/p>\n<p>-l\u00e4sst sich super kombinieren<\/p>\n<p>kuschelig weich und h\u00e4lt warm \u2764<\/p>\n<p>Das beste an dieser tollen Jacke ist : Man kann sie das ganze Jahr lang \u00fcber tragen,Im Winter, als \u00dcbergangsjacke- perfekt auch f\u00fcr einen k\u00fchlen Festival Sommerabend,der weiche Stoff f\u00fchlt sich sehr sch\u00f6n an auf der Haut.<\/p>\n","protected":false},"excerpt":{"rendered":"<p>Kuscheliger Kimono mit G\u00fcrtel in wundersch\u00f6nem Aztek \/Inka Print \u2764\u2764 -l\u00e4sst sich super kombinieren kuschelig weich und h\u00e4lt warm \u2764 Das beste an dieser tollen Jacke ist : Man kann sie das ganze Jahr lang \u00fcber tragen,Im Winter, als \u00dcbergangsjacke- perfekt auch f\u00fcr einen k\u00fchlen Festival Sommerabend,der weiche Stoff f\u00fchlt sich sehr sch\u00f6n an auf [&hellip;]<\/p>\n","protected":false},"featured_media":57662,"comment_status":"open","ping_status":"closed","template":"","meta":[],"product_cat":[66,67,68,71],"product_tag":[],"_links":{"self":[{"href":"https:\/\/mundo-creole.com\/en\/wp-json\/wp\/v2\/product\/29967"}],"collection":[{"href":"https:\/\/mundo-creole.com\/en\/wp-json\/wp\/v2\/product"}],"about":[{"href":"https:\/\/mundo-creole.com\/en\/wp-json\/wp\/v2\/types\/product"}],"replies":[{"embeddable":true,"href":"https:\/\/mundo-creole.com\/en\/wp-json\/wp\/v2\/comments?post=29967"}],"wp:featuredmedia":[{"embeddable":true,"href":"https:\/\/mundo-creole.com\/en\/wp-json\/wp\/v2\/media\/57662"}],"wp:attachment":[{"href":"https:\/\/mundo-creole.com\/en\/wp-json\/wp\/v2\/media?parent=29967"}],"wp:term":[{"taxonomy":"product_cat","embeddable":true,"href":"https:\/\/mundo-creole.com\/en\/wp-json\/wp\/v2\/product_cat?post=29967"},{"taxonomy":"product_tag","embeddable":true,"href":"https:\/\/mundo-creole.com\/en\/wp-json\/wp\/v2\/product_tag?post=29967"}],"curies":[{"name":"wp","href":"https:\/\/api.w.org\/{rel}","templated":true}]}}