{"id":29973,"date":"2020-01-30T15:41:43","date_gmt":"2020-01-30T14:41:43","guid":{"rendered":"https:\/\/mundo-creole.com\/shop\/uncategorized\/short-wrap-jacket-maroon-blau-paisley"},"modified":"2020-01-30T15:41:43","modified_gmt":"2020-01-30T14:41:43","slug":"short-wrap-jacket-maroon-blau-paisley","status":"publish","type":"product","link":"https:\/\/mundo-creole.com\/en\/shop\/womens-clothing-en\/jackets\/between-the-season-en\/short-wrap-jacket-maroon-blau-paisley","title":{"rendered":"Short Wrap Jacket\/Maroon\/Blau Paisley"},"content":{"rendered":"<p>Cardigan\/Wickeljacke Maroon und Blau Paisley<\/p>\n<p>-l\u00e4sst sich durch zwei Kn\u00f6pfe verschliessen (wird rechts und links gekn\u00f6pf) -kann aber auch offen getragen werden \ud83d\ude42<\/p>\n<p>-Die \u00c4rmel sind leicht ausgestellt\/Trompeten\u00e4rmel<\/p>\n<p>-Seitentaschen<\/p>\n<p>-wunderbar zum kombinieren<\/p>\n<p>kuschelig weich und h\u00e4lt warm \u2764<\/p>\n<p>&nbsp;<\/p>\n","protected":false},"excerpt":{"rendered":"<p>Cardigan\/Wickeljacke Maroon und Blau Paisley -l\u00e4sst sich durch zwei Kn\u00f6pfe verschliessen (wird rechts und links gekn\u00f6pf) -kann aber auch offen getragen werden \ud83d\ude42 -Die \u00c4rmel sind leicht ausgestellt\/Trompeten\u00e4rmel -Seitentaschen -wunderbar zum kombinieren kuschelig weich und h\u00e4lt warm \u2764 &nbsp;<\/p>\n","protected":false},"featured_media":10384,"comment_status":"open","ping_status":"closed","template":"","meta":[],"product_cat":[66,68,71],"product_tag":[],"_links":{"self":[{"href":"https:\/\/mundo-creole.com\/en\/wp-json\/wp\/v2\/product\/29973"}],"collection":[{"href":"https:\/\/mundo-creole.com\/en\/wp-json\/wp\/v2\/product"}],"about":[{"href":"https:\/\/mundo-creole.com\/en\/wp-json\/wp\/v2\/types\/product"}],"replies":[{"embeddable":true,"href":"https:\/\/mundo-creole.com\/en\/wp-json\/wp\/v2\/comments?post=29973"}],"wp:featuredmedia":[{"embeddable":true,"href":"https:\/\/mundo-creole.com\/en\/wp-json\/wp\/v2\/media\/10384"}],"wp:attachment":[{"href":"https:\/\/mundo-creole.com\/en\/wp-json\/wp\/v2\/media?parent=29973"}],"wp:term":[{"taxonomy":"product_cat","embeddable":true,"href":"https:\/\/mundo-creole.com\/en\/wp-json\/wp\/v2\/product_cat?post=29973"},{"taxonomy":"product_tag","embeddable":true,"href":"https:\/\/mundo-creole.com\/en\/wp-json\/wp\/v2\/product_tag?post=29973"}],"curies":[{"name":"wp","href":"https:\/\/api.w.org\/{rel}","templated":true}]}}