{"id":29989,"date":"2020-01-30T10:11:21","date_gmt":"2020-01-30T09:11:21","guid":{"rendered":"https:\/\/mundo-creole.com\/shop\/uncategorized\/inka-desert-dweller-coat-oversize-wrap-cardigan-nova"},"modified":"2020-01-30T10:11:21","modified_gmt":"2020-01-30T09:11:21","slug":"inka-desert-dweller-coat-oversize-wrap-cardigan-nova","status":"publish","type":"product","link":"https:\/\/mundo-creole.com\/en\/shop\/womens-clothing-en\/jackets\/between-the-season-en\/inka-desert-dweller-coat-oversize-wrap-cardigan-nova","title":{"rendered":"Inka Desert Dweller Coat \/Oversize Wrap Cardigan\/*Nova*"},"content":{"rendered":"<p>Kuschelig warmer Oversize Cardigan\/\u2764Wickeljacke<br \/>\nin wundersch\u00f6nem Aztek \/Inka Print \u2764\u2764<br \/>\n-l\u00e4sst sich zubinden\/Wickeln<\/p>\n<p>-Die \u00c4rmel sind leicht ausgestellt\/Trompeten\u00e4rmel<\/p>\n<p>-kann aber auch offen getragen werden \ud83d\ude42<br \/>\n-wunderbar zum kombinieren<\/p>\n<p>kuschelig weich und h\u00e4lt warm \u2764<\/p>\n<p>Das beste an dieser tollen Jacke ist : Man kann sie das ganze Jahr lang \u00fcber tragen,Im Winter, als \u00dcbergangsjacke- perfekt auch f\u00fcr einen k\u00fchlen Festival Sommerabend,der weiche Stoff f\u00fchlt sich sehr sch\u00f6n an auf der Haut.<\/p>\n","protected":false},"excerpt":{"rendered":"<p>Kuschelig warmer Oversize Cardigan\/\u2764Wickeljacke in wundersch\u00f6nem Aztek \/Inka Print \u2764\u2764 -l\u00e4sst sich zubinden\/Wickeln -Die \u00c4rmel sind leicht ausgestellt\/Trompeten\u00e4rmel -kann aber auch offen getragen werden \ud83d\ude42 -wunderbar zum kombinieren kuschelig weich und h\u00e4lt warm \u2764 Das beste an dieser tollen Jacke ist : Man kann sie das ganze Jahr lang \u00fcber tragen,Im Winter, als \u00dcbergangsjacke- perfekt [&hellip;]<\/p>\n","protected":false},"featured_media":57616,"comment_status":"open","ping_status":"closed","template":"","meta":[],"product_cat":[295,66,67,68,71],"product_tag":[],"_links":{"self":[{"href":"https:\/\/mundo-creole.com\/en\/wp-json\/wp\/v2\/product\/29989"}],"collection":[{"href":"https:\/\/mundo-creole.com\/en\/wp-json\/wp\/v2\/product"}],"about":[{"href":"https:\/\/mundo-creole.com\/en\/wp-json\/wp\/v2\/types\/product"}],"replies":[{"embeddable":true,"href":"https:\/\/mundo-creole.com\/en\/wp-json\/wp\/v2\/comments?post=29989"}],"wp:featuredmedia":[{"embeddable":true,"href":"https:\/\/mundo-creole.com\/en\/wp-json\/wp\/v2\/media\/57616"}],"wp:attachment":[{"href":"https:\/\/mundo-creole.com\/en\/wp-json\/wp\/v2\/media?parent=29989"}],"wp:term":[{"taxonomy":"product_cat","embeddable":true,"href":"https:\/\/mundo-creole.com\/en\/wp-json\/wp\/v2\/product_cat?post=29989"},{"taxonomy":"product_tag","embeddable":true,"href":"https:\/\/mundo-creole.com\/en\/wp-json\/wp\/v2\/product_tag?post=29989"}],"curies":[{"name":"wp","href":"https:\/\/api.w.org\/{rel}","templated":true}]}}