{"id":29998,"date":"2020-01-29T14:18:21","date_gmt":"2020-01-29T13:18:21","guid":{"rendered":"https:\/\/mundo-creole.com\/shop\/uncategorized\/the-throw-on-and-go-hoodie-jacke-black-white"},"modified":"2020-01-29T14:18:21","modified_gmt":"2020-01-29T13:18:21","slug":"the-throw-on-and-go-hoodie-jacke-black-white","status":"publish","type":"product","link":"https:\/\/mundo-creole.com\/en\/shop\/unkategorisiert\/the-throw-on-and-go-hoodie-jacke-black-white","title":{"rendered":"The Throw-On-And-Go Hoodie Jacke    Black &#038;White"},"content":{"rendered":"<p>The Oversized \u00b4Throw-On-And-Go\u00b4 Hoodie Jacket in Black and White with extra big size hood,thumb holes and pockets!\u00a0 <span class=\"_5mfr\"><span class=\"_6qdm\">\ud83d\udda4<\/span><\/span><\/p>\n<p>&nbsp;<\/p>\n<p><span class=\"_5mfr\"><span class=\"_6qdm\">\ud83d\udc49<\/span><\/span>100%organic cotton<\/p>\n<p>&nbsp;<\/p>\n<p>Wundersch\u00f6ne gem\u00fctliche lange Oversize Hoodie Jacke<\/p>\n<p>-Stripes<\/p>\n<p>-Rei\u00dfverschluss<\/p>\n<p>-Daumenl\u00f6cher<br \/>\n-extra gro\u00dfe Kaputze<\/p>\n<p>&nbsp;<\/p>\n","protected":false},"excerpt":{"rendered":"<p>The Oversized \u00b4Throw-On-And-Go\u00b4 Hoodie Jacket in Black and White with extra big size hood,thumb holes and pockets!\u00a0 \ud83d\udda4 &nbsp; \ud83d\udc49100%organic cotton &nbsp; Wundersch\u00f6ne gem\u00fctliche lange Oversize Hoodie Jacke -Stripes -Rei\u00dfverschluss -Daumenl\u00f6cher -extra gro\u00dfe Kaputze &nbsp;<\/p>\n","protected":false},"featured_media":10252,"comment_status":"open","ping_status":"closed","template":"","meta":[],"product_cat":[15],"product_tag":[],"_links":{"self":[{"href":"https:\/\/mundo-creole.com\/en\/wp-json\/wp\/v2\/product\/29998"}],"collection":[{"href":"https:\/\/mundo-creole.com\/en\/wp-json\/wp\/v2\/product"}],"about":[{"href":"https:\/\/mundo-creole.com\/en\/wp-json\/wp\/v2\/types\/product"}],"replies":[{"embeddable":true,"href":"https:\/\/mundo-creole.com\/en\/wp-json\/wp\/v2\/comments?post=29998"}],"wp:featuredmedia":[{"embeddable":true,"href":"https:\/\/mundo-creole.com\/en\/wp-json\/wp\/v2\/media\/10252"}],"wp:attachment":[{"href":"https:\/\/mundo-creole.com\/en\/wp-json\/wp\/v2\/media?parent=29998"}],"wp:term":[{"taxonomy":"product_cat","embeddable":true,"href":"https:\/\/mundo-creole.com\/en\/wp-json\/wp\/v2\/product_cat?post=29998"},{"taxonomy":"product_tag","embeddable":true,"href":"https:\/\/mundo-creole.com\/en\/wp-json\/wp\/v2\/product_tag?post=29998"}],"curies":[{"name":"wp","href":"https:\/\/api.w.org\/{rel}","templated":true}]}}