{"id":30097,"date":"2020-02-10T12:26:26","date_gmt":"2020-02-10T11:26:26","guid":{"rendered":"https:\/\/mundo-creole.com\/shop\/uncategorized\/patchwork-kimono-cardigan-kleid-3"},"modified":"2020-02-10T12:26:26","modified_gmt":"2020-02-10T11:26:26","slug":"patchwork-kimono-cardigan-kleid-3","status":"publish","type":"product","link":"https:\/\/mundo-creole.com\/en\/shop\/womens-clothing-en\/kimonos-en\/patchwork-kimonos-en\/patchwork-kimono-cardigan-kleid-3","title":{"rendered":"Patchwork KIMONO\/Cardigan\/Kleid"},"content":{"rendered":"<p>The Story Continues \u2764<br \/>\nUpcycled Indian sari<br \/>\nHandpicked as a vintage sari and reborn into this unique garment \u2764 \u2764 \u2764<br \/>\nEvery piece is one of a kind.<\/p>\n<p>Wundersch\u00f6ner langer Patchwork Kimono\/Cardigan\/ Midi Dress- jedes St\u00fcck ist ein Einzelst\u00fcck &lt;3<\/p>\n<p>-Mit G\u00fcrtel<\/p>\n<p>-One Size<\/p>\n<p>&#8211; l\u00e4sst sich durch ein G\u00fcrtel\/Band in der Taile verschliessen<\/p>\n<p>wunderbar zum kombinieren, auch als Kleid tragbar.<\/p>\n<p>&#8212;\u00dcbrigens auch eine Tolle Geschenkidee- Kimono Dress wird in einem passenden Seide Beutel geliefert \u2764<\/p>\n<p>&nbsp;<\/p>\n<div data-contents=\"true\">\n<div class=\"\" data-block=\"true\" data-editor=\"bavkr\" data-offset-key=\"61iio-0-0\">\n<div class=\"_1mf _1mj\" data-offset-key=\"61iio-0-0\"><span class=\"_3gl1 _5zz4\" data-offset-key=\"61iio-0-0\"><span class=\"_ncl\"><span data-offset-key=\"61iio-0-0\">\u2728<\/span><\/span><\/span><span class=\"_3gl1 _5zz4\" data-offset-key=\"61iio-1-0\"><span class=\"_ncl\"><span data-offset-key=\"61iio-1-0\">\u2728<\/span><\/span><\/span><span class=\"_3gl1 _5zz4\" data-offset-key=\"61iio-2-0\"><span class=\"_ncl\"><span data-offset-key=\"61iio-2-0\">\u2728<\/span><\/span><\/span><\/div>\n<\/div>\n<\/div>\n<p>&nbsp;<\/p>\n","protected":false},"excerpt":{"rendered":"<p>The Story Continues \u2764 Upcycled Indian sari Handpicked as a vintage sari and reborn into this unique garment \u2764 \u2764 \u2764 Every piece is one of a kind. Wundersch\u00f6ner langer Patchwork Kimono\/Cardigan\/ Midi Dress- jedes St\u00fcck ist ein Einzelst\u00fcck &lt;3 -Mit G\u00fcrtel -One Size &#8211; l\u00e4sst sich durch ein G\u00fcrtel\/Band in der Taile verschliessen wunderbar [&hellip;]<\/p>\n","protected":false},"featured_media":13335,"comment_status":"open","ping_status":"closed","template":"","meta":[],"product_cat":[137,1146,1147],"product_tag":[],"_links":{"self":[{"href":"https:\/\/mundo-creole.com\/en\/wp-json\/wp\/v2\/product\/30097"}],"collection":[{"href":"https:\/\/mundo-creole.com\/en\/wp-json\/wp\/v2\/product"}],"about":[{"href":"https:\/\/mundo-creole.com\/en\/wp-json\/wp\/v2\/types\/product"}],"replies":[{"embeddable":true,"href":"https:\/\/mundo-creole.com\/en\/wp-json\/wp\/v2\/comments?post=30097"}],"wp:featuredmedia":[{"embeddable":true,"href":"https:\/\/mundo-creole.com\/en\/wp-json\/wp\/v2\/media\/13335"}],"wp:attachment":[{"href":"https:\/\/mundo-creole.com\/en\/wp-json\/wp\/v2\/media?parent=30097"}],"wp:term":[{"taxonomy":"product_cat","embeddable":true,"href":"https:\/\/mundo-creole.com\/en\/wp-json\/wp\/v2\/product_cat?post=30097"},{"taxonomy":"product_tag","embeddable":true,"href":"https:\/\/mundo-creole.com\/en\/wp-json\/wp\/v2\/product_tag?post=30097"}],"curies":[{"name":"wp","href":"https:\/\/api.w.org\/{rel}","templated":true}]}}