{"id":30099,"date":"2020-02-10T11:47:54","date_gmt":"2020-02-10T10:47:54","guid":{"rendered":"https:\/\/mundo-creole.com\/shop\/uncategorized\/oversize-blazer-seide-handmade-5"},"modified":"2020-02-10T11:47:54","modified_gmt":"2020-02-10T10:47:54","slug":"oversize-blazer-seide-handmade-5","status":"publish","type":"product","link":"https:\/\/mundo-creole.com\/en\/shop\/womens-clothing-en\/jackets\/between-the-season-en\/oversize-blazer-seide-handmade-5","title":{"rendered":"Oversize BLAZER \/Seide\/Handmade"},"content":{"rendered":"<p>The Story Continues \u2764<br \/>\nUpcycled Indian sari<br \/>\nHandpicked as a vintage sari and reborn into this unique garment \u2764 \u2764 \u2764<br \/>\nEvery piece is one of a kind<\/p>\n<p>Wundersch\u00f6ner Langer Oversize Blazer mit vielen Details<br \/>\nAn den \u00c4rmeln habe ich als Kontrast einen anderen Stoff eingen\u00e4ht,der zum vorscheinen kommt,wenn du den \u00c4rmel hoch kr\u00e4mpelst \ud83d\ude42<br \/>\nIm innenteil habe ich raw cotton verwendet,also reine baumwolle\/unbearbeitet\/ungef\u00e4rbt.<\/p>\n<p>-mit Seitentaschen<br \/>\n-Kokosnusskn\u00f6pfe<br \/>\n-Oversized<\/p>\n<p>&nbsp;<\/p>\n<p>&nbsp;<\/p>\n<p>&nbsp;<\/p>\n<p>&nbsp;<\/p>\n","protected":false},"excerpt":{"rendered":"<p>The Story Continues \u2764 Upcycled Indian sari Handpicked as a vintage sari and reborn into this unique garment \u2764 \u2764 \u2764 Every piece is one of a kind Wundersch\u00f6ner Langer Oversize Blazer mit vielen Details An den \u00c4rmeln habe ich als Kontrast einen anderen Stoff eingen\u00e4ht,der zum vorscheinen kommt,wenn du den \u00c4rmel hoch kr\u00e4mpelst \ud83d\ude42 [&hellip;]<\/p>\n","protected":false},"featured_media":13277,"comment_status":"closed","ping_status":"closed","template":"","meta":[],"product_cat":[68],"product_tag":[],"_links":{"self":[{"href":"https:\/\/mundo-creole.com\/en\/wp-json\/wp\/v2\/product\/30099"}],"collection":[{"href":"https:\/\/mundo-creole.com\/en\/wp-json\/wp\/v2\/product"}],"about":[{"href":"https:\/\/mundo-creole.com\/en\/wp-json\/wp\/v2\/types\/product"}],"replies":[{"embeddable":true,"href":"https:\/\/mundo-creole.com\/en\/wp-json\/wp\/v2\/comments?post=30099"}],"wp:featuredmedia":[{"embeddable":true,"href":"https:\/\/mundo-creole.com\/en\/wp-json\/wp\/v2\/media\/13277"}],"wp:attachment":[{"href":"https:\/\/mundo-creole.com\/en\/wp-json\/wp\/v2\/media?parent=30099"}],"wp:term":[{"taxonomy":"product_cat","embeddable":true,"href":"https:\/\/mundo-creole.com\/en\/wp-json\/wp\/v2\/product_cat?post=30099"},{"taxonomy":"product_tag","embeddable":true,"href":"https:\/\/mundo-creole.com\/en\/wp-json\/wp\/v2\/product_tag?post=30099"}],"curies":[{"name":"wp","href":"https:\/\/api.w.org\/{rel}","templated":true}]}}