{"id":30164,"date":"2020-02-08T17:01:07","date_gmt":"2020-02-08T16:01:07","guid":{"rendered":"https:\/\/mundo-creole.com\/shop\/uncategorized\/armreifen-wabe-gold-brass-silber-brass"},"modified":"2020-02-08T17:01:07","modified_gmt":"2020-02-08T16:01:07","slug":"armreifen-wabe-gold-brass-silber-brass","status":"publish","type":"product","link":"https:\/\/mundo-creole.com\/en\/shop\/jewelry\/bracelets\/armreifen-wabe-gold-brass-silber-brass","title":{"rendered":"Armreifen Wabe Gold Brass\/Silber Brass"},"content":{"rendered":"<p>Wundersch\u00f6ner breiter Armreifen in Gold Brass und Silber Brass<\/p>\n<p>&nbsp;<\/p>\n<p><strong>Gr\u00f6\u00dfe anpassbar<\/strong><\/p>\n<p>Bei Fragen zu dem Produkt schreibt mir gerne eine Nachrricht &lt;3<\/p>\n<p>&nbsp;<\/p>\n<p>&nbsp;<\/p>\n","protected":false},"excerpt":{"rendered":"<p>Wundersch\u00f6ner breiter Armreifen in Gold Brass und Silber Brass &nbsp; Gr\u00f6\u00dfe anpassbar Bei Fragen zu dem Produkt schreibt mir gerne eine Nachrricht &lt;3 &nbsp; &nbsp;<\/p>\n","protected":false},"featured_media":12512,"comment_status":"open","ping_status":"closed","template":"","meta":[],"product_cat":[144,145,134,135],"product_tag":[],"_links":{"self":[{"href":"https:\/\/mundo-creole.com\/en\/wp-json\/wp\/v2\/product\/30164"}],"collection":[{"href":"https:\/\/mundo-creole.com\/en\/wp-json\/wp\/v2\/product"}],"about":[{"href":"https:\/\/mundo-creole.com\/en\/wp-json\/wp\/v2\/types\/product"}],"replies":[{"embeddable":true,"href":"https:\/\/mundo-creole.com\/en\/wp-json\/wp\/v2\/comments?post=30164"}],"wp:featuredmedia":[{"embeddable":true,"href":"https:\/\/mundo-creole.com\/en\/wp-json\/wp\/v2\/media\/12512"}],"wp:attachment":[{"href":"https:\/\/mundo-creole.com\/en\/wp-json\/wp\/v2\/media?parent=30164"}],"wp:term":[{"taxonomy":"product_cat","embeddable":true,"href":"https:\/\/mundo-creole.com\/en\/wp-json\/wp\/v2\/product_cat?post=30164"},{"taxonomy":"product_tag","embeddable":true,"href":"https:\/\/mundo-creole.com\/en\/wp-json\/wp\/v2\/product_tag?post=30164"}],"curies":[{"name":"wp","href":"https:\/\/api.w.org\/{rel}","templated":true}]}}