{"id":30167,"date":"2020-02-08T16:56:17","date_gmt":"2020-02-08T15:56:17","guid":{"rendered":"https:\/\/mundo-creole.com\/shop\/uncategorized\/breiter-armreifen-tribal-gold-brass"},"modified":"2020-02-08T16:56:17","modified_gmt":"2020-02-08T15:56:17","slug":"breiter-armreifen-tribal-gold-brass","status":"publish","type":"product","link":"https:\/\/mundo-creole.com\/en\/shop\/jewelry\/bracelets\/breiter-armreifen-tribal-gold-brass","title":{"rendered":"Breiter Armreifen Tribal  Gold Brass"},"content":{"rendered":"<p>Wundersch\u00f6ner breiter Armreifen in Gold Brass- geh\u00e4mmert<\/p>\n<p>&nbsp;<\/p>\n<p><strong>Gr\u00f6\u00dfe anpassbar<\/strong><\/p>\n<p>Bei Fragen zu dem Produkt schreibt mir gerne eine Nachrricht &lt;3<\/p>\n<p>&nbsp;<\/p>\n<p>&nbsp;<\/p>\n","protected":false},"excerpt":{"rendered":"<p>Wundersch\u00f6ner breiter Armreifen in Gold Brass- geh\u00e4mmert &nbsp; Gr\u00f6\u00dfe anpassbar Bei Fragen zu dem Produkt schreibt mir gerne eine Nachrricht &lt;3 &nbsp; &nbsp;<\/p>\n","protected":false},"featured_media":12523,"comment_status":"open","ping_status":"closed","template":"","meta":[],"product_cat":[144,145,134,135],"product_tag":[],"_links":{"self":[{"href":"https:\/\/mundo-creole.com\/en\/wp-json\/wp\/v2\/product\/30167"}],"collection":[{"href":"https:\/\/mundo-creole.com\/en\/wp-json\/wp\/v2\/product"}],"about":[{"href":"https:\/\/mundo-creole.com\/en\/wp-json\/wp\/v2\/types\/product"}],"replies":[{"embeddable":true,"href":"https:\/\/mundo-creole.com\/en\/wp-json\/wp\/v2\/comments?post=30167"}],"wp:featuredmedia":[{"embeddable":true,"href":"https:\/\/mundo-creole.com\/en\/wp-json\/wp\/v2\/media\/12523"}],"wp:attachment":[{"href":"https:\/\/mundo-creole.com\/en\/wp-json\/wp\/v2\/media?parent=30167"}],"wp:term":[{"taxonomy":"product_cat","embeddable":true,"href":"https:\/\/mundo-creole.com\/en\/wp-json\/wp\/v2\/product_cat?post=30167"},{"taxonomy":"product_tag","embeddable":true,"href":"https:\/\/mundo-creole.com\/en\/wp-json\/wp\/v2\/product_tag?post=30167"}],"curies":[{"name":"wp","href":"https:\/\/api.w.org\/{rel}","templated":true}]}}