{"id":30222,"date":"2020-01-30T18:45:42","date_gmt":"2020-01-30T17:45:42","guid":{"rendered":"https:\/\/mundo-creole.com\/shop\/uncategorized\/crop-hoodie-black-white"},"modified":"2020-01-30T18:45:42","modified_gmt":"2020-01-30T17:45:42","slug":"crop-hoodie-black-white","status":"publish","type":"product","link":"https:\/\/mundo-creole.com\/en\/shop\/unkategorisiert\/crop-hoodie-black-white","title":{"rendered":"Crop Hoodie Black &#038; White"},"content":{"rendered":"<p>Wundersch\u00f6ne gem\u00fctliche Crop Hoodie<\/p>\n<p>-Daumenl\u00f6cher<br \/>\n-extra gro\u00dfer Hood<\/p>\n<p>-Taschen<\/p>\n<p><span class=\"_5mfr\"><span class=\"_6qdm\">\u2728<\/span><\/span>The perks of being a clothing designer are just creating what i feel like to wear#loveit <span class=\"_47e3 _5mfr\" title=\"\u201esmile\u201c-Emoticon\"><span class=\"_7oe\" aria-hidden=\"true\">\ud83d\ude42<\/span><\/span> <span class=\"_5mfr\"><span class=\"_6qdm\">\ud83d\ude4f<\/span><\/span><br \/>\n100%organic cotton<\/p>\n<p>&nbsp;<\/p>\n<p>&nbsp;<\/p>\n","protected":false},"excerpt":{"rendered":"<p>Wundersch\u00f6ne gem\u00fctliche Crop Hoodie -Daumenl\u00f6cher -extra gro\u00dfer Hood -Taschen \u2728The perks of being a clothing designer are just creating what i feel like to wear#loveit \ud83d\ude42 \ud83d\ude4f 100%organic cotton &nbsp; &nbsp;<\/p>\n","protected":false},"featured_media":11157,"comment_status":"open","ping_status":"closed","template":"","meta":[],"product_cat":[15],"product_tag":[],"_links":{"self":[{"href":"https:\/\/mundo-creole.com\/en\/wp-json\/wp\/v2\/product\/30222"}],"collection":[{"href":"https:\/\/mundo-creole.com\/en\/wp-json\/wp\/v2\/product"}],"about":[{"href":"https:\/\/mundo-creole.com\/en\/wp-json\/wp\/v2\/types\/product"}],"replies":[{"embeddable":true,"href":"https:\/\/mundo-creole.com\/en\/wp-json\/wp\/v2\/comments?post=30222"}],"wp:featuredmedia":[{"embeddable":true,"href":"https:\/\/mundo-creole.com\/en\/wp-json\/wp\/v2\/media\/11157"}],"wp:attachment":[{"href":"https:\/\/mundo-creole.com\/en\/wp-json\/wp\/v2\/media?parent=30222"}],"wp:term":[{"taxonomy":"product_cat","embeddable":true,"href":"https:\/\/mundo-creole.com\/en\/wp-json\/wp\/v2\/product_cat?post=30222"},{"taxonomy":"product_tag","embeddable":true,"href":"https:\/\/mundo-creole.com\/en\/wp-json\/wp\/v2\/product_tag?post=30222"}],"curies":[{"name":"wp","href":"https:\/\/api.w.org\/{rel}","templated":true}]}}