{"id":30234,"date":"2020-01-16T20:14:42","date_gmt":"2020-01-16T19:14:42","guid":{"rendered":"https:\/\/mundo-creole.com\/shop\/uncategorized\/chakra-feder-bellychain-%e2%ad%90%ef%b8%8f"},"modified":"2020-01-16T20:14:42","modified_gmt":"2020-01-16T19:14:42","slug":"chakra-feder-bellychain-%e2%ad%90%ef%b8%8f","status":"publish","type":"product","link":"https:\/\/mundo-creole.com\/en\/shop\/jewelry\/necklaces\/chakra-feder-bellychain-%e2%ad%90%ef%b8%8f","title":{"rendered":"Chakra\/Feder Bellychain \u2b50\ufe0f"},"content":{"rendered":"<p>Wundersch\u00f6ne Chakra Bauchkette auf Gold Brass &lt;3<br \/>\nGr\u00f6\u00dfe l\u00e4sst sich durch 2 Verschl\u00fcsse oben und um den Bauch perfekt auf deine K\u00f6rperform in der L\u00e4nge und Breite anpassen.<\/p>\n<p>Handmade &lt;3<\/p>\n<p>Ein tolles Accessoires was zu jedem Outfit passt &lt;3<\/p>\n<p>&nbsp;<\/p>\n","protected":false},"excerpt":{"rendered":"<p>Wundersch\u00f6ne Chakra Bauchkette auf Gold Brass &lt;3 Gr\u00f6\u00dfe l\u00e4sst sich durch 2 Verschl\u00fcsse oben und um den Bauch perfekt auf deine K\u00f6rperform in der L\u00e4nge und Breite anpassen. Handmade &lt;3 Ein tolles Accessoires was zu jedem Outfit passt &lt;3 &nbsp;<\/p>\n","protected":false},"featured_media":9034,"comment_status":"open","ping_status":"closed","template":"","meta":[],"product_cat":[144,148,1662,135],"product_tag":[],"_links":{"self":[{"href":"https:\/\/mundo-creole.com\/en\/wp-json\/wp\/v2\/product\/30234"}],"collection":[{"href":"https:\/\/mundo-creole.com\/en\/wp-json\/wp\/v2\/product"}],"about":[{"href":"https:\/\/mundo-creole.com\/en\/wp-json\/wp\/v2\/types\/product"}],"replies":[{"embeddable":true,"href":"https:\/\/mundo-creole.com\/en\/wp-json\/wp\/v2\/comments?post=30234"}],"wp:featuredmedia":[{"embeddable":true,"href":"https:\/\/mundo-creole.com\/en\/wp-json\/wp\/v2\/media\/9034"}],"wp:attachment":[{"href":"https:\/\/mundo-creole.com\/en\/wp-json\/wp\/v2\/media?parent=30234"}],"wp:term":[{"taxonomy":"product_cat","embeddable":true,"href":"https:\/\/mundo-creole.com\/en\/wp-json\/wp\/v2\/product_cat?post=30234"},{"taxonomy":"product_tag","embeddable":true,"href":"https:\/\/mundo-creole.com\/en\/wp-json\/wp\/v2\/product_tag?post=30234"}],"curies":[{"name":"wp","href":"https:\/\/api.w.org\/{rel}","templated":true}]}}