{"id":30254,"date":"2020-01-16T16:58:08","date_gmt":"2020-01-16T15:58:08","guid":{"rendered":"https:\/\/mundo-creole.com\/shop\/uncategorized\/gypsy-weste-jersey"},"modified":"2020-01-16T16:58:08","modified_gmt":"2020-01-16T15:58:08","slug":"gypsy-weste-jersey","status":"publish","type":"product","link":"https:\/\/mundo-creole.com\/en\/shop\/womens-clothing-en\/tops-en\/crop-tops-en\/gypsy-weste-jersey","title":{"rendered":"Gypsy Fringe Vest Jersey"},"content":{"rendered":"<p>wundersch\u00f6ne Jersey Weste mit vielen Details<\/p>\n<p>Einheitsgr\u00f6\u00dfe &#8211; tragbar von xs- L<\/p>\n","protected":false},"excerpt":{"rendered":"<p>wundersch\u00f6ne Jersey Weste mit vielen Details Einheitsgr\u00f6\u00dfe &#8211; tragbar von xs- L<\/p>\n","protected":false},"featured_media":8948,"comment_status":"closed","ping_status":"closed","template":"","meta":[],"product_cat":[139,66,90,91],"product_tag":[],"_links":{"self":[{"href":"https:\/\/mundo-creole.com\/en\/wp-json\/wp\/v2\/product\/30254"}],"collection":[{"href":"https:\/\/mundo-creole.com\/en\/wp-json\/wp\/v2\/product"}],"about":[{"href":"https:\/\/mundo-creole.com\/en\/wp-json\/wp\/v2\/types\/product"}],"replies":[{"embeddable":true,"href":"https:\/\/mundo-creole.com\/en\/wp-json\/wp\/v2\/comments?post=30254"}],"wp:featuredmedia":[{"embeddable":true,"href":"https:\/\/mundo-creole.com\/en\/wp-json\/wp\/v2\/media\/8948"}],"wp:attachment":[{"href":"https:\/\/mundo-creole.com\/en\/wp-json\/wp\/v2\/media?parent=30254"}],"wp:term":[{"taxonomy":"product_cat","embeddable":true,"href":"https:\/\/mundo-creole.com\/en\/wp-json\/wp\/v2\/product_cat?post=30254"},{"taxonomy":"product_tag","embeddable":true,"href":"https:\/\/mundo-creole.com\/en\/wp-json\/wp\/v2\/product_tag?post=30254"}],"curies":[{"name":"wp","href":"https:\/\/api.w.org\/{rel}","templated":true}]}}