{"id":30259,"date":"2020-01-13T16:51:23","date_gmt":"2020-01-13T15:51:23","guid":{"rendered":"https:\/\/mundo-creole.com\/shop\/uncategorized\/hood-tribal-tuerkis"},"modified":"2020-01-13T16:51:23","modified_gmt":"2020-01-13T15:51:23","slug":"hood-tribal-tuerkis","status":"publish","type":"product","link":"https:\/\/mundo-creole.com\/en\/shop\/urban-gypsy-queen-en\/accessory\/hood-tribal-tuerkis","title":{"rendered":"Hood Tribal T\u00fcrkis"},"content":{"rendered":"<p><em>..take a walk on the wild side..<\/em><\/p>\n<p>Tribal Hood T\u00fcrkis<\/p>\n<p>-beidseitig tragbar<\/p>\n<p>-einheitsgr\u00f6\u00dfe<\/p>\n","protected":false},"excerpt":{"rendered":"<p>..take a walk on the wild side.. Tribal Hood T\u00fcrkis -beidseitig tragbar -einheitsgr\u00f6\u00dfe<\/p>\n","protected":false},"featured_media":8436,"comment_status":"closed","ping_status":"closed","template":"","meta":[],"product_cat":[123,126,1662],"product_tag":[],"_links":{"self":[{"href":"https:\/\/mundo-creole.com\/en\/wp-json\/wp\/v2\/product\/30259"}],"collection":[{"href":"https:\/\/mundo-creole.com\/en\/wp-json\/wp\/v2\/product"}],"about":[{"href":"https:\/\/mundo-creole.com\/en\/wp-json\/wp\/v2\/types\/product"}],"replies":[{"embeddable":true,"href":"https:\/\/mundo-creole.com\/en\/wp-json\/wp\/v2\/comments?post=30259"}],"wp:featuredmedia":[{"embeddable":true,"href":"https:\/\/mundo-creole.com\/en\/wp-json\/wp\/v2\/media\/8436"}],"wp:attachment":[{"href":"https:\/\/mundo-creole.com\/en\/wp-json\/wp\/v2\/media?parent=30259"}],"wp:term":[{"taxonomy":"product_cat","embeddable":true,"href":"https:\/\/mundo-creole.com\/en\/wp-json\/wp\/v2\/product_cat?post=30259"},{"taxonomy":"product_tag","embeddable":true,"href":"https:\/\/mundo-creole.com\/en\/wp-json\/wp\/v2\/product_tag?post=30259"}],"curies":[{"name":"wp","href":"https:\/\/api.w.org\/{rel}","templated":true}]}}