{"id":30266,"date":"2019-12-06T12:45:00","date_gmt":"2019-12-06T11:45:00","guid":{"rendered":"https:\/\/mundo-creole.com\/shop\/uncategorized\/septum-amethyst"},"modified":"2019-12-06T12:45:00","modified_gmt":"2019-12-06T11:45:00","slug":"septum-amethyst","status":"publish","type":"product","link":"https:\/\/mundo-creole.com\/en\/shop\/jewelry\/septums-en\/septum-amethyst","title":{"rendered":"Septum Amethyst"},"content":{"rendered":"<p>Wundersch\u00f6nes *fake* Septum &lt;3 #tribalstyle<\/p>\n<p>-Silber Brass<\/p>\n<p>gr\u00f6\u00dfe kann angepasst werden.<\/p>\n<p>Bei Fragen zu dem Produkt schreibt mir gerne eine Nachrricht.<\/p>\n","protected":false},"excerpt":{"rendered":"<p>Wundersch\u00f6nes *fake* Septum &lt;3 #tribalstyle -Silber Brass gr\u00f6\u00dfe kann angepasst werden. Bei Fragen zu dem Produkt schreibt mir gerne eine Nachrricht.<\/p>\n","protected":false},"featured_media":6865,"comment_status":"open","ping_status":"closed","template":"","meta":[],"product_cat":[144,1145,1662],"product_tag":[],"_links":{"self":[{"href":"https:\/\/mundo-creole.com\/en\/wp-json\/wp\/v2\/product\/30266"}],"collection":[{"href":"https:\/\/mundo-creole.com\/en\/wp-json\/wp\/v2\/product"}],"about":[{"href":"https:\/\/mundo-creole.com\/en\/wp-json\/wp\/v2\/types\/product"}],"replies":[{"embeddable":true,"href":"https:\/\/mundo-creole.com\/en\/wp-json\/wp\/v2\/comments?post=30266"}],"wp:featuredmedia":[{"embeddable":true,"href":"https:\/\/mundo-creole.com\/en\/wp-json\/wp\/v2\/media\/6865"}],"wp:attachment":[{"href":"https:\/\/mundo-creole.com\/en\/wp-json\/wp\/v2\/media?parent=30266"}],"wp:term":[{"taxonomy":"product_cat","embeddable":true,"href":"https:\/\/mundo-creole.com\/en\/wp-json\/wp\/v2\/product_cat?post=30266"},{"taxonomy":"product_tag","embeddable":true,"href":"https:\/\/mundo-creole.com\/en\/wp-json\/wp\/v2\/product_tag?post=30266"}],"curies":[{"name":"wp","href":"https:\/\/api.w.org\/{rel}","templated":true}]}}