{"id":30360,"date":"2020-01-16T20:22:56","date_gmt":"2020-01-16T19:22:56","guid":{"rendered":"https:\/\/mundo-creole.com\/shop\/uncategorized\/bellychain-tribal-feather"},"modified":"2020-01-16T20:22:56","modified_gmt":"2020-01-16T19:22:56","slug":"bellychain-tribal-feather","status":"publish","type":"product","link":"https:\/\/mundo-creole.com\/en\/shop\/jewelry\/necklaces\/bellychain-tribal-feather","title":{"rendered":"Bellychain Tribal\/Feather"},"content":{"rendered":"<p>Wundersch\u00f6ne Bauchkette auf Gold Brass &lt;3<br \/>\nGr\u00f6\u00dfe l\u00e4sst sich durch 2 Verschl\u00fcsse oben und um den Bauch perfekt auf deine K\u00f6rperform in der L\u00e4nge und Breite anpassen.<\/p>\n<p>Handmade &lt;3<\/p>\n<p>Ein tolles Accessoires was zu jedem Outfit passt &lt;3<\/p>\n<p>&nbsp;<\/p>\n","protected":false},"excerpt":{"rendered":"<p>Wundersch\u00f6ne Bauchkette auf Gold Brass &lt;3 Gr\u00f6\u00dfe l\u00e4sst sich durch 2 Verschl\u00fcsse oben und um den Bauch perfekt auf deine K\u00f6rperform in der L\u00e4nge und Breite anpassen. Handmade &lt;3 Ein tolles Accessoires was zu jedem Outfit passt &lt;3 &nbsp;<\/p>\n","protected":false},"featured_media":9062,"comment_status":"open","ping_status":"closed","template":"","meta":[],"product_cat":[144,148,1662,135],"product_tag":[],"_links":{"self":[{"href":"https:\/\/mundo-creole.com\/en\/wp-json\/wp\/v2\/product\/30360"}],"collection":[{"href":"https:\/\/mundo-creole.com\/en\/wp-json\/wp\/v2\/product"}],"about":[{"href":"https:\/\/mundo-creole.com\/en\/wp-json\/wp\/v2\/types\/product"}],"replies":[{"embeddable":true,"href":"https:\/\/mundo-creole.com\/en\/wp-json\/wp\/v2\/comments?post=30360"}],"wp:featuredmedia":[{"embeddable":true,"href":"https:\/\/mundo-creole.com\/en\/wp-json\/wp\/v2\/media\/9062"}],"wp:attachment":[{"href":"https:\/\/mundo-creole.com\/en\/wp-json\/wp\/v2\/media?parent=30360"}],"wp:term":[{"taxonomy":"product_cat","embeddable":true,"href":"https:\/\/mundo-creole.com\/en\/wp-json\/wp\/v2\/product_cat?post=30360"},{"taxonomy":"product_tag","embeddable":true,"href":"https:\/\/mundo-creole.com\/en\/wp-json\/wp\/v2\/product_tag?post=30360"}],"curies":[{"name":"wp","href":"https:\/\/api.w.org\/{rel}","templated":true}]}}