{"id":30361,"date":"2020-01-16T20:20:46","date_gmt":"2020-01-16T19:20:46","guid":{"rendered":"https:\/\/mundo-creole.com\/shop\/uncategorized\/bellychain-stone-love"},"modified":"2020-01-16T20:20:46","modified_gmt":"2020-01-16T19:20:46","slug":"bellychain-stone-love","status":"publish","type":"product","link":"https:\/\/mundo-creole.com\/en\/shop\/jewelry\/necklaces\/bellychain-stone-love","title":{"rendered":"Bellychain Stone Love"},"content":{"rendered":"<p>Wundersch\u00f6ne Bauchkette auf Gold Brass &lt;3<br \/>\nGr\u00f6\u00dfe l\u00e4sst sich durch 2 Verschl\u00fcsse oben und um den Bauch perfekt auf deine K\u00f6rperform in der L\u00e4nge und Breite anpassen.<\/p>\n<p>Handmade &lt;3<\/p>\n<p>Ein tolles Accessoires was zu jedem Outfit passt &lt;3<\/p>\n<p>&nbsp;<\/p>\n","protected":false},"excerpt":{"rendered":"<p>Wundersch\u00f6ne Bauchkette auf Gold Brass &lt;3 Gr\u00f6\u00dfe l\u00e4sst sich durch 2 Verschl\u00fcsse oben und um den Bauch perfekt auf deine K\u00f6rperform in der L\u00e4nge und Breite anpassen. Handmade &lt;3 Ein tolles Accessoires was zu jedem Outfit passt &lt;3 &nbsp;<\/p>\n","protected":false},"featured_media":9051,"comment_status":"open","ping_status":"closed","template":"","meta":[],"product_cat":[144,148,1662,135],"product_tag":[],"_links":{"self":[{"href":"https:\/\/mundo-creole.com\/en\/wp-json\/wp\/v2\/product\/30361"}],"collection":[{"href":"https:\/\/mundo-creole.com\/en\/wp-json\/wp\/v2\/product"}],"about":[{"href":"https:\/\/mundo-creole.com\/en\/wp-json\/wp\/v2\/types\/product"}],"replies":[{"embeddable":true,"href":"https:\/\/mundo-creole.com\/en\/wp-json\/wp\/v2\/comments?post=30361"}],"wp:featuredmedia":[{"embeddable":true,"href":"https:\/\/mundo-creole.com\/en\/wp-json\/wp\/v2\/media\/9051"}],"wp:attachment":[{"href":"https:\/\/mundo-creole.com\/en\/wp-json\/wp\/v2\/media?parent=30361"}],"wp:term":[{"taxonomy":"product_cat","embeddable":true,"href":"https:\/\/mundo-creole.com\/en\/wp-json\/wp\/v2\/product_cat?post=30361"},{"taxonomy":"product_tag","embeddable":true,"href":"https:\/\/mundo-creole.com\/en\/wp-json\/wp\/v2\/product_tag?post=30361"}],"curies":[{"name":"wp","href":"https:\/\/api.w.org\/{rel}","templated":true}]}}