{"id":30403,"date":"2020-02-05T20:08:26","date_gmt":"2020-02-05T19:08:26","guid":{"rendered":"https:\/\/mundo-creole.com\/shop\/uncategorized\/tiara-kimono-3"},"modified":"2020-02-05T20:08:26","modified_gmt":"2020-02-05T19:08:26","slug":"tiara-kimono-3","status":"publish","type":"product","link":"https:\/\/mundo-creole.com\/en\/shop\/womens-clothing-en\/dresses-en\/maxi-dresses-en\/tiara-kimono-3","title":{"rendered":"Tiara Kimono"},"content":{"rendered":"<p>Wundersch\u00f6ner Kaftan Dress- der perfekte Begleiter &lt;3<br \/>\nKann offen getragen werden oder l\u00e4sst sich durch eine Band verschliessen und kann als Kleid getragen werden.<\/p>\n<p>Im Paisley Muster<\/p>\n<p>Einheitsgr\u00f6\u00dfe (tragbar bis xl)<\/p>\n<p>&#8212;&#8212;&#8212;&#8212;&#8212;&#8212;&#8212;&#8211;<\/p>\n<div data-contents=\"true\">\n<div class=\"\" data-block=\"true\" data-editor=\"bavkr\" data-offset-key=\"61iio-0-0\">\n<div class=\"_1mf _1mj\" data-offset-key=\"61iio-0-0\"><span class=\"_3gl1 _5zz4\" data-offset-key=\"61iio-0-0\"><span class=\"_ncl\"><span data-offset-key=\"61iio-0-0\">\u2728<\/span><\/span><\/span><span class=\"_3gl1 _5zz4\" data-offset-key=\"61iio-1-0\"><span class=\"_ncl\"><span data-offset-key=\"61iio-1-0\">\u2728<\/span><\/span><\/span><span class=\"_3gl1 _5zz4\" data-offset-key=\"61iio-2-0\"><span class=\"_ncl\"><span data-offset-key=\"61iio-2-0\">\u2728<\/span><\/span><\/span><\/div>\n<\/div>\n<\/div>\n<p>&nbsp;<\/p>\n","protected":false},"excerpt":{"rendered":"<p>Wundersch\u00f6ner Kaftan Dress- der perfekte Begleiter &lt;3 Kann offen getragen werden oder l\u00e4sst sich durch eine Band verschliessen und kann als Kleid getragen werden. Im Paisley Muster Einheitsgr\u00f6\u00dfe (tragbar bis xl) &#8212;&#8212;&#8212;&#8212;&#8212;&#8212;&#8212;&#8211; \u2728\u2728\u2728 &nbsp;<\/p>\n","protected":false},"featured_media":44667,"comment_status":"open","ping_status":"closed","template":"","meta":[],"product_cat":[1657,1659,1660,137,1146,1223],"product_tag":[],"_links":{"self":[{"href":"https:\/\/mundo-creole.com\/en\/wp-json\/wp\/v2\/product\/30403"}],"collection":[{"href":"https:\/\/mundo-creole.com\/en\/wp-json\/wp\/v2\/product"}],"about":[{"href":"https:\/\/mundo-creole.com\/en\/wp-json\/wp\/v2\/types\/product"}],"replies":[{"embeddable":true,"href":"https:\/\/mundo-creole.com\/en\/wp-json\/wp\/v2\/comments?post=30403"}],"wp:featuredmedia":[{"embeddable":true,"href":"https:\/\/mundo-creole.com\/en\/wp-json\/wp\/v2\/media\/44667"}],"wp:attachment":[{"href":"https:\/\/mundo-creole.com\/en\/wp-json\/wp\/v2\/media?parent=30403"}],"wp:term":[{"taxonomy":"product_cat","embeddable":true,"href":"https:\/\/mundo-creole.com\/en\/wp-json\/wp\/v2\/product_cat?post=30403"},{"taxonomy":"product_tag","embeddable":true,"href":"https:\/\/mundo-creole.com\/en\/wp-json\/wp\/v2\/product_tag?post=30403"}],"curies":[{"name":"wp","href":"https:\/\/api.w.org\/{rel}","templated":true}]}}