{"id":30447,"date":"2019-12-21T11:28:40","date_gmt":"2019-12-21T10:28:40","guid":{"rendered":"https:\/\/mundo-creole.com\/shop\/uncategorized\/adinkra-symbol-aya-endurance-resourcefulness-silber-gold"},"modified":"2019-12-21T11:28:40","modified_gmt":"2019-12-21T10:28:40","slug":"adinkra-symbol-aya-endurance-resourcefulness-silber-gold","status":"publish","type":"product","link":"https:\/\/mundo-creole.com\/en\/shop\/jewelry\/adinkra-symbols-collection-en\/adinkra-symbol-aya-endurance-resourcefulness-silber-gold","title":{"rendered":"Adinkra Symbol AYA endurance, resourcefulness\/ silber \/Gold"},"content":{"rendered":"<h3><strong>Adinkra Symbols Collection<\/strong><\/h3>\n<p>West African Wisdom<\/p>\n<p><em>Handmade<\/em><\/p>\n<p>Symbol- AYA<\/p>\n<p>AYA\u00a0 &#8220;endurance, resourcefulness <span class=\"st\">\u2665<\/span><\/p>\n<p>-Symbole werden zusammen mit einem K\u00e4rtchen mit der passenden beschreibung verschickt.<\/p>\n<p>-zuhaben in 925 Silber und Gold Brass<\/p>\n<p>-Ringgr\u00f6\u00dfe ist anpassbar<\/p>\n","protected":false},"excerpt":{"rendered":"<p>Adinkra Symbols Collection West African Wisdom Handmade Symbol- AYA AYA\u00a0 &#8220;endurance, resourcefulness \u2665 -Symbole werden zusammen mit einem K\u00e4rtchen mit der passenden beschreibung verschickt. -zuhaben in 925 Silber und Gold Brass -Ringgr\u00f6\u00dfe ist anpassbar<\/p>\n","protected":false},"featured_media":7464,"comment_status":"closed","ping_status":"closed","template":"","meta":[],"product_cat":[1134,134],"product_tag":[],"_links":{"self":[{"href":"https:\/\/mundo-creole.com\/en\/wp-json\/wp\/v2\/product\/30447"}],"collection":[{"href":"https:\/\/mundo-creole.com\/en\/wp-json\/wp\/v2\/product"}],"about":[{"href":"https:\/\/mundo-creole.com\/en\/wp-json\/wp\/v2\/types\/product"}],"replies":[{"embeddable":true,"href":"https:\/\/mundo-creole.com\/en\/wp-json\/wp\/v2\/comments?post=30447"}],"wp:featuredmedia":[{"embeddable":true,"href":"https:\/\/mundo-creole.com\/en\/wp-json\/wp\/v2\/media\/7464"}],"wp:attachment":[{"href":"https:\/\/mundo-creole.com\/en\/wp-json\/wp\/v2\/media?parent=30447"}],"wp:term":[{"taxonomy":"product_cat","embeddable":true,"href":"https:\/\/mundo-creole.com\/en\/wp-json\/wp\/v2\/product_cat?post=30447"},{"taxonomy":"product_tag","embeddable":true,"href":"https:\/\/mundo-creole.com\/en\/wp-json\/wp\/v2\/product_tag?post=30447"}],"curies":[{"name":"wp","href":"https:\/\/api.w.org\/{rel}","templated":true}]}}