{"id":30450,"date":"2019-12-21T11:24:00","date_gmt":"2019-12-21T10:24:00","guid":{"rendered":"https:\/\/mundo-creole.com\/shop\/uncategorized\/adinkra-symbol-nyame-dua-tree-of-god-protection-and-presencewisdomknowledge"},"modified":"2023-09-21T18:28:48","modified_gmt":"2023-09-21T16:28:48","slug":"adinkra-symbol-nyame-dua-tree-of-god-protection-and-presencewisdomknowledge","status":"publish","type":"product","link":"https:\/\/mundo-creole.com\/en\/shop\/jewelry\/adinkra-symbols-collection-en\/adinkra-symbol-nyame-dua-tree-of-god-protection-and-presencewisdomknowledge","title":{"rendered":"Adinkra Symbol NYAME DUA &#8220;tree of god&#8221; ,protection and presence,wisdom,knowledge"},"content":{"rendered":"<h3><strong>Adinkra Symbols Collection<\/strong><\/h3>\n<p>West African Wisdom<\/p>\n<p><em>Handmade<\/em><\/p>\n<p>Symbol- NYAME DUA<\/p>\n<p>NYAME DUA \u00a0&#8220;tree of god&#8221; ,protection and presence,wisdom,knowledge <span class=\"st\">\u2665<\/span><\/p>\n<p>-Symbole werden zusammen mit einem K\u00e4rtchen mit der passenden beschreibung verschickt.<\/p>\n<p>-zuhaben in 925 Silber und Gold Brass<\/p>\n<p>-Ringgr\u00f6\u00dfe ist anpassbar<\/p>\n","protected":false},"excerpt":{"rendered":"<p>Adinkra Symbols Collection West African Wisdom Handmade Symbol- NYAME DUA NYAME DUA \u00a0&#8220;tree of god&#8221; ,protection and presence,wisdom,knowledge \u2665 -Symbole werden zusammen mit einem K\u00e4rtchen mit der passenden beschreibung verschickt. -zuhaben in 925 Silber und Gold Brass -Ringgr\u00f6\u00dfe ist anpassbar<\/p>\n","protected":false},"featured_media":8053,"comment_status":"closed","ping_status":"closed","template":"","meta":[],"product_cat":[1134,134],"product_tag":[],"_links":{"self":[{"href":"https:\/\/mundo-creole.com\/en\/wp-json\/wp\/v2\/product\/30450"}],"collection":[{"href":"https:\/\/mundo-creole.com\/en\/wp-json\/wp\/v2\/product"}],"about":[{"href":"https:\/\/mundo-creole.com\/en\/wp-json\/wp\/v2\/types\/product"}],"replies":[{"embeddable":true,"href":"https:\/\/mundo-creole.com\/en\/wp-json\/wp\/v2\/comments?post=30450"}],"wp:featuredmedia":[{"embeddable":true,"href":"https:\/\/mundo-creole.com\/en\/wp-json\/wp\/v2\/media\/8053"}],"wp:attachment":[{"href":"https:\/\/mundo-creole.com\/en\/wp-json\/wp\/v2\/media?parent=30450"}],"wp:term":[{"taxonomy":"product_cat","embeddable":true,"href":"https:\/\/mundo-creole.com\/en\/wp-json\/wp\/v2\/product_cat?post=30450"},{"taxonomy":"product_tag","embeddable":true,"href":"https:\/\/mundo-creole.com\/en\/wp-json\/wp\/v2\/product_tag?post=30450"}],"curies":[{"name":"wp","href":"https:\/\/api.w.org\/{rel}","templated":true}]}}