{"id":30453,"date":"2019-12-21T11:07:15","date_gmt":"2019-12-21T10:07:15","guid":{"rendered":"https:\/\/mundo-creole.com\/shop\/uncategorized\/adinkra-symbol-nkyinkyim-twisting-initiativedynamismversatility"},"modified":"2019-12-21T11:07:15","modified_gmt":"2019-12-21T10:07:15","slug":"adinkra-symbol-nkyinkyim-twisting-initiativedynamismversatility","status":"publish","type":"product","link":"https:\/\/mundo-creole.com\/en\/shop\/jewelry\/adinkra-symbols-collection-en\/adinkra-symbol-nkyinkyim-twisting-initiativedynamismversatility","title":{"rendered":"Adinkra Symbol NKYINKYIM &#8220;twisting&#8221; Initiative,dynamism,versatility"},"content":{"rendered":"<h3><strong>Adinkra Symbols Collection<\/strong><\/h3>\n<p>West African Wisdom<\/p>\n<p><em>Handmade<\/em><\/p>\n<p>Symbol-\u00a0 NKYINKYIM<\/p>\n<p>NKYINKYIM Initiative,dynamism,versatility <span class=\"st\">\u2665<\/span><\/p>\n<p>-Symbole werden zusammen mit einem K\u00e4rtchen mit der passenden beschreibung verschickt.<\/p>\n<p>-zuhaben in 925 Silber und Gold Brass<\/p>\n<p>-Ringgr\u00f6\u00dfe ist anpassbar<\/p>\n","protected":false},"excerpt":{"rendered":"<p>Adinkra Symbols Collection West African Wisdom Handmade Symbol-\u00a0 NKYINKYIM NKYINKYIM Initiative,dynamism,versatility \u2665 -Symbole werden zusammen mit einem K\u00e4rtchen mit der passenden beschreibung verschickt. -zuhaben in 925 Silber und Gold Brass -Ringgr\u00f6\u00dfe ist anpassbar<\/p>\n","protected":false},"featured_media":7443,"comment_status":"closed","ping_status":"closed","template":"","meta":[],"product_cat":[1134,134],"product_tag":[],"_links":{"self":[{"href":"https:\/\/mundo-creole.com\/en\/wp-json\/wp\/v2\/product\/30453"}],"collection":[{"href":"https:\/\/mundo-creole.com\/en\/wp-json\/wp\/v2\/product"}],"about":[{"href":"https:\/\/mundo-creole.com\/en\/wp-json\/wp\/v2\/types\/product"}],"replies":[{"embeddable":true,"href":"https:\/\/mundo-creole.com\/en\/wp-json\/wp\/v2\/comments?post=30453"}],"wp:featuredmedia":[{"embeddable":true,"href":"https:\/\/mundo-creole.com\/en\/wp-json\/wp\/v2\/media\/7443"}],"wp:attachment":[{"href":"https:\/\/mundo-creole.com\/en\/wp-json\/wp\/v2\/media?parent=30453"}],"wp:term":[{"taxonomy":"product_cat","embeddable":true,"href":"https:\/\/mundo-creole.com\/en\/wp-json\/wp\/v2\/product_cat?post=30453"},{"taxonomy":"product_tag","embeddable":true,"href":"https:\/\/mundo-creole.com\/en\/wp-json\/wp\/v2\/product_tag?post=30453"}],"curies":[{"name":"wp","href":"https:\/\/api.w.org\/{rel}","templated":true}]}}