{"id":30456,"date":"2019-12-21T11:02:35","date_gmt":"2019-12-21T10:02:35","guid":{"rendered":"https:\/\/mundo-creole.com\/shop\/uncategorized\/adinkra-symbol-ananse-ntontan-wisdom-creativityinspiration-silber-gold"},"modified":"2019-12-21T11:02:35","modified_gmt":"2019-12-21T10:02:35","slug":"adinkra-symbol-ananse-ntontan-wisdom-creativityinspiration-silber-gold","status":"publish","type":"product","link":"https:\/\/mundo-creole.com\/en\/shop\/jewelry\/adinkra-symbols-collection-en\/adinkra-symbol-ananse-ntontan-wisdom-creativityinspiration-silber-gold","title":{"rendered":"Adinkra Symbol ANANSE NTONTAN wisdom, creativity,inspiration\/ silber\/gold"},"content":{"rendered":"<h3><strong>Adinkra Symbols Collection<\/strong><\/h3>\n<p>West African Wisdom<\/p>\n<p><em>Handmade<\/em><\/p>\n<p>Symbol-\u00a0 ANANSE NTONTAN<\/p>\n<p>ANANSE NTONTAN &#8220;wisdom, creativity,inspiration <span class=\"st\">\u2665<\/span><\/p>\n<p>-Symbole werden zusammen mit einem K\u00e4rtchen mit der passenden beschreibung verschickt.<\/p>\n<p>-zuhaben in 925 Silber und Gold Brass<\/p>\n<p>-Ringgr\u00f6\u00dfe ist anpassbar<\/p>\n","protected":false},"excerpt":{"rendered":"<p>Adinkra Symbols Collection West African Wisdom Handmade Symbol-\u00a0 ANANSE NTONTAN ANANSE NTONTAN &#8220;wisdom, creativity,inspiration \u2665 -Symbole werden zusammen mit einem K\u00e4rtchen mit der passenden beschreibung verschickt. -zuhaben in 925 Silber und Gold Brass -Ringgr\u00f6\u00dfe ist anpassbar<\/p>\n","protected":false},"featured_media":36250,"comment_status":"closed","ping_status":"closed","template":"","meta":[],"product_cat":[1134,134],"product_tag":[],"_links":{"self":[{"href":"https:\/\/mundo-creole.com\/en\/wp-json\/wp\/v2\/product\/30456"}],"collection":[{"href":"https:\/\/mundo-creole.com\/en\/wp-json\/wp\/v2\/product"}],"about":[{"href":"https:\/\/mundo-creole.com\/en\/wp-json\/wp\/v2\/types\/product"}],"replies":[{"embeddable":true,"href":"https:\/\/mundo-creole.com\/en\/wp-json\/wp\/v2\/comments?post=30456"}],"wp:featuredmedia":[{"embeddable":true,"href":"https:\/\/mundo-creole.com\/en\/wp-json\/wp\/v2\/media\/36250"}],"wp:attachment":[{"href":"https:\/\/mundo-creole.com\/en\/wp-json\/wp\/v2\/media?parent=30456"}],"wp:term":[{"taxonomy":"product_cat","embeddable":true,"href":"https:\/\/mundo-creole.com\/en\/wp-json\/wp\/v2\/product_cat?post=30456"},{"taxonomy":"product_tag","embeddable":true,"href":"https:\/\/mundo-creole.com\/en\/wp-json\/wp\/v2\/product_tag?post=30456"}],"curies":[{"name":"wp","href":"https:\/\/api.w.org\/{rel}","templated":true}]}}